{"id":65521,"date":"2022-04-29T08:47:49","date_gmt":"2022-04-29T07:47:49","guid":{"rendered":"https:\/\/alpscigar.com\/?post_type=product&#038;p=65521"},"modified":"2023-11-28T11:10:10","modified_gmt":"2023-11-28T10:10:10","slug":"griffins-500-cello-etui-5","status":"publish","type":"product","link":"https:\/\/beta.alpscigar.com\/zh\/shop\/dominican-cigars\/griffins\/griffins-500-cello-etui-5\/","title":{"rendered":"Griffins 500 cello etui (5)"},"content":{"rendered":"<p>Un beau petit module roul\u00e9 assez serr\u00e9 qui requiert une coupe g\u00e9n\u00e9reuse de la t\u00eate. Le Griffins 500 cello etui \u00e9volue dans un registre floral discret mais agr\u00e9able. Une bonne combustion et une construction soign\u00e9e permettent l\u2019expression de notes bois\u00e9es.<\/p>","protected":false},"excerpt":{"rendered":"<p>\u6bcf\u7bb1 5 \u652f\u96ea\u8304\u3002<\/p>","protected":false},"featured_media":65519,"template":"","meta":{"_acf_changed":false},"product_cat":[29841,24791,21990,24719,23555],"product_tag":[],"bundled_by":[],"bundle_stock_status":"instock","bundle_stock_quantity":null,"bundle_virtual":false,"bundle_layout":"","bundle_add_to_cart_form_location":"","bundle_editable_in_cart":false,"bundle_sold_individually_context":"","bundle_item_grouping":"","bundle_min_size":"","bundle_max_size":"","bundled_items":[],"acf":[],"_links":{"self":[{"href":"https:\/\/beta.alpscigar.com\/zh\/wp-json\/wp\/v2\/product\/65521"}],"collection":[{"href":"https:\/\/beta.alpscigar.com\/zh\/wp-json\/wp\/v2\/product"}],"about":[{"href":"https:\/\/beta.alpscigar.com\/zh\/wp-json\/wp\/v2\/types\/product"}],"wp:featuredmedia":[{"embeddable":true,"href":"https:\/\/beta.alpscigar.com\/zh\/wp-json\/wp\/v2\/media\/65519"}],"wp:attachment":[{"href":"https:\/\/beta.alpscigar.com\/zh\/wp-json\/wp\/v2\/media?parent=65521"}],"wp:term":[{"taxonomy":"product_cat","embeddable":true,"href":"https:\/\/beta.alpscigar.com\/zh\/wp-json\/wp\/v2\/product_cat?post=65521"},{"taxonomy":"product_tag","embeddable":true,"href":"https:\/\/beta.alpscigar.com\/zh\/wp-json\/wp\/v2\/product_tag?post=65521"}],"curies":[{"name":"wp","href":"https:\/\/api.w.org\/{rel}","templated":true}]}}