{"id":65538,"date":"2022-04-29T08:48:35","date_gmt":"2022-04-29T07:48:35","guid":{"rendered":"https:\/\/alpscigar.com\/?post_type=product&#038;p=65538"},"modified":"2023-11-28T11:11:23","modified_gmt":"2023-11-28T10:11:23","slug":"griffins-toro-etui-4","status":"publish","type":"product","link":"https:\/\/beta.alpscigar.com\/zh\/shop\/dominican-cigars\/griffins\/griffins-toro-etui-4\/","title":{"rendered":"\u683c\u91cc\u82ac\u65af\u6258\u7f57\u7bb1 (4)"},"content":{"rendered":"<p>Le module qui en r\u00e9sulte est appel\u00e9 \u00ab\u00a0toro\u00a0\u00bb. La dur\u00e9e indicative de d\u00e9gustation est de 92 minutes. Les tirages sont agr\u00e9ables et la combustion progresse avec une grande r\u00e9gularit\u00e9. La forte corpulence du cigare engendre des fum\u00e9es peu chaudes.<\/p>\n<p>La manufacture Tabadom de Davidoff en R\u00e9publique dominicaine produit les cigares The Griffins Toro. La fabrication de ce cigare \u00e0 tripe longue se fait totalement \u00e0 la main. Les rouleurs utilisent des feuilles de tabac dominicain (vari\u00e9t\u00e9 appel\u00e9e Santo-Domingo) qu\u2019ils associent \u00e0 des feuilles Connecticut Shade d\u2019Equateur lorsqu\u2019ils arrivent \u00e0 la confection de la cape. Cette derni\u00e8re affiche une couleur colorado claro (brun or). Le tabac dominicain provient de la vall\u00e9e de Cibao.<\/p>\n<p>The Griffins Toro d\u00e9ploie une force de degr\u00e9 doux-moyen. Quant \u00e0 sa signature aromatique, elle pr\u00e9sente la particularit\u00e9 de ne pas se modifier durant la d\u00e9gustation, tant en vari\u00e9t\u00e9 qu\u2019en intensit\u00e9. Autrement dit, durant la d\u00e9gustation, les ar\u00f4mes se d\u00e9veloppent simultan\u00e9ment et avec la m\u00eame intensit\u00e9. La complexit\u00e9 n\u2019est donc pas au rendez-vous. C\u2019est un cigare qui lib\u00e8re une fum\u00e9e cr\u00e9meuse charg\u00e9e en notes \u00e9pic\u00e9es et sucr\u00e9es. Un go\u00fbt de noisette se fait l\u00e9g\u00e8rement ressentir.<\/p>","protected":false},"excerpt":{"rendered":"<p>\u4e00\u7bb1 4 \u652f\u96ea\u8304\u3002<\/p>","protected":false},"featured_media":65536,"template":"","meta":{"_acf_changed":false},"product_cat":[29841,24791,21990,24719,23555],"product_tag":[],"bundled_by":[],"bundle_stock_status":"instock","bundle_stock_quantity":null,"bundle_virtual":false,"bundle_layout":"","bundle_add_to_cart_form_location":"","bundle_editable_in_cart":false,"bundle_sold_individually_context":"","bundle_item_grouping":"","bundle_min_size":"","bundle_max_size":"","bundled_items":[],"acf":[],"_links":{"self":[{"href":"https:\/\/beta.alpscigar.com\/zh\/wp-json\/wp\/v2\/product\/65538"}],"collection":[{"href":"https:\/\/beta.alpscigar.com\/zh\/wp-json\/wp\/v2\/product"}],"about":[{"href":"https:\/\/beta.alpscigar.com\/zh\/wp-json\/wp\/v2\/types\/product"}],"wp:featuredmedia":[{"embeddable":true,"href":"https:\/\/beta.alpscigar.com\/zh\/wp-json\/wp\/v2\/media\/65536"}],"wp:attachment":[{"href":"https:\/\/beta.alpscigar.com\/zh\/wp-json\/wp\/v2\/media?parent=65538"}],"wp:term":[{"taxonomy":"product_cat","embeddable":true,"href":"https:\/\/beta.alpscigar.com\/zh\/wp-json\/wp\/v2\/product_cat?post=65538"},{"taxonomy":"product_tag","embeddable":true,"href":"https:\/\/beta.alpscigar.com\/zh\/wp-json\/wp\/v2\/product_tag?post=65538"}],"curies":[{"name":"wp","href":"https:\/\/api.w.org\/{rel}","templated":true}]}}