{"id":65560,"date":"2022-04-29T08:59:33","date_gmt":"2022-04-29T07:59:33","guid":{"rendered":"https:\/\/alpscigar.com\/?post_type=product&#038;p=65560"},"modified":"2023-08-31T14:21:17","modified_gmt":"2023-08-31T13:21:17","slug":"hiram-solomon-cigars-veiled-prophet-monarch-20","status":"publish","type":"product","link":"https:\/\/beta.alpscigar.com\/zh\/shop\/nicaraguan-cigars\/hiram-solomon\/veiled-prophet\/hiram-solomon-cigars-veiled-prophet-monarch-20\/","title":{"rendered":"Hiram &amp; Solomon Cigars Veiled Prophet Monarch (20)"},"content":{"rendered":"<p>Fabriqu\u00e9s \u00e0 la main par les meilleurs torcedores, <strong>les Hiram &amp; Solomon Cigars Veiled Prophet Monarch sont sophistiqu\u00e9s,<\/strong> mettant en valeur une cape br\u00e9silienne Arapiraca et suscite l&rsquo;ar\u00f4me de c\u00e8dre, de caf\u00e9 et de caramel, se terminant par des notes de terre et de poivre.<\/p>","protected":false},"excerpt":{"rendered":"<p>\u6bcf\u76d2 20 \u652f\u3002<\/p>","protected":false},"featured_media":65557,"template":"","meta":{"_acf_changed":false},"product_cat":[29859,30040,24791,24638,24035],"product_tag":[],"bundled_by":[],"bundle_stock_status":"instock","bundle_stock_quantity":null,"bundle_virtual":false,"bundle_layout":"","bundle_add_to_cart_form_location":"","bundle_editable_in_cart":false,"bundle_sold_individually_context":"","bundle_item_grouping":"","bundle_min_size":"","bundle_max_size":"","bundled_items":[],"acf":[],"_links":{"self":[{"href":"https:\/\/beta.alpscigar.com\/zh\/wp-json\/wp\/v2\/product\/65560"}],"collection":[{"href":"https:\/\/beta.alpscigar.com\/zh\/wp-json\/wp\/v2\/product"}],"about":[{"href":"https:\/\/beta.alpscigar.com\/zh\/wp-json\/wp\/v2\/types\/product"}],"wp:featuredmedia":[{"embeddable":true,"href":"https:\/\/beta.alpscigar.com\/zh\/wp-json\/wp\/v2\/media\/65557"}],"wp:attachment":[{"href":"https:\/\/beta.alpscigar.com\/zh\/wp-json\/wp\/v2\/media?parent=65560"}],"wp:term":[{"taxonomy":"product_cat","embeddable":true,"href":"https:\/\/beta.alpscigar.com\/zh\/wp-json\/wp\/v2\/product_cat?post=65560"},{"taxonomy":"product_tag","embeddable":true,"href":"https:\/\/beta.alpscigar.com\/zh\/wp-json\/wp\/v2\/product_tag?post=65560"}],"curies":[{"name":"wp","href":"https:\/\/api.w.org\/{rel}","templated":true}]}}