{"id":65584,"date":"2022-04-29T09:03:18","date_gmt":"2022-04-29T08:03:18","guid":{"rendered":"https:\/\/alpscigar.com\/?post_type=product&#038;p=65584"},"modified":"2023-08-31T14:36:46","modified_gmt":"2023-08-31T13:36:46","slug":"hiram-solomon-cigars-master-mason-maduro-robusto-20","status":"publish","type":"product","link":"https:\/\/beta.alpscigar.com\/zh\/shop\/nicaraguan-cigars\/hiram-solomon\/master-mason\/hiram-solomon-cigars-master-mason-maduro-robusto-20\/","title":{"rendered":"Hiram &amp; Solomon Cigars Master Mason Maduro Robusto (20)"},"content":{"rendered":"<p>Le cigare Hiram &amp; Solomon Master Mason Maduro Robusto est un m\u00e9lange au corps plein avec une cape Maduro velout\u00e9e. Des notes de cuir doux et de cacao qui produisent une riche saveur rehauss\u00e9e seulement par un ar\u00f4me de c\u00e8dre prononc\u00e9 qui persiste en final.<\/p>","protected":false},"excerpt":{"rendered":"<p>\u6bcf\u76d2 20 \u652f\u3002<\/p>","protected":false},"featured_media":65581,"template":"","meta":{"_acf_changed":false},"product_cat":[29859,29922,24791,24638,24035],"product_tag":[],"bundled_by":["95062"],"bundle_stock_status":"instock","bundle_stock_quantity":null,"bundle_virtual":false,"bundle_layout":"","bundle_add_to_cart_form_location":"","bundle_editable_in_cart":false,"bundle_sold_individually_context":"","bundle_item_grouping":"","bundle_min_size":"","bundle_max_size":"","bundled_items":[],"acf":[],"_links":{"self":[{"href":"https:\/\/beta.alpscigar.com\/zh\/wp-json\/wp\/v2\/product\/65584"}],"collection":[{"href":"https:\/\/beta.alpscigar.com\/zh\/wp-json\/wp\/v2\/product"}],"about":[{"href":"https:\/\/beta.alpscigar.com\/zh\/wp-json\/wp\/v2\/types\/product"}],"wp:featuredmedia":[{"embeddable":true,"href":"https:\/\/beta.alpscigar.com\/zh\/wp-json\/wp\/v2\/media\/65581"}],"wp:attachment":[{"href":"https:\/\/beta.alpscigar.com\/zh\/wp-json\/wp\/v2\/media?parent=65584"}],"wp:term":[{"taxonomy":"product_cat","embeddable":true,"href":"https:\/\/beta.alpscigar.com\/zh\/wp-json\/wp\/v2\/product_cat?post=65584"},{"taxonomy":"product_tag","embeddable":true,"href":"https:\/\/beta.alpscigar.com\/zh\/wp-json\/wp\/v2\/product_tag?post=65584"}],"curies":[{"name":"wp","href":"https:\/\/api.w.org\/{rel}","templated":true}]}}