{"id":65641,"date":"2022-04-29T09:24:03","date_gmt":"2022-04-29T08:24:03","guid":{"rendered":"https:\/\/alpscigar.com\/?post_type=product&#038;p=65641"},"modified":"2023-08-31T14:28:37","modified_gmt":"2023-08-31T13:28:37","slug":"horacio-i-15","status":"publish","type":"product","link":"https:\/\/beta.alpscigar.com\/zh\/shop\/nicaraguan-cigars\/horacio\/horacio-classic-series\/horacio-i-15\/","title":{"rendered":"Horacio I (15)"},"content":{"rendered":"<p><strong>Cet Extra Robusto est s\u00e9duisant\u00a0:<\/strong> \u00e0 cru, l&rsquo;odorat nous permet de nous impr\u00e9gner de notes l\u00e9g\u00e8res et d\u00e9licates, jouant principalement sur le cuir et le v\u00e9g\u00e9tal. Au pied, nous retrouvons l&rsquo;herbe fra\u00eeche des premi\u00e8res coupes printani\u00e8res. Le tirage l\u00e9g\u00e8rement r\u00e9sistant, transporte une fum\u00e9e remplie d&rsquo;ar\u00f4mes de cuir et de c\u00e8dre.<\/p>\n<p><strong>L&rsquo;Horacio I (N\u00b01) est un\u00a0cigare frais,<\/strong> \u00e9volue tranquillement avec un tr\u00e8s bon volume de fum\u00e9e et convient parfaitement <strong>pour une d\u00e9gustation d&rsquo;apr\u00e8s-midi.<\/strong><\/p>\n<p>Bo\u00eete de 15 cigares.<\/p>","protected":false},"excerpt":{"rendered":"<p>Horacio I (N\u00b01)<strong>. <\/strong>Bo\u00eete de 15 cigares.<\/p>","protected":false},"featured_media":65637,"template":"","meta":{"_acf_changed":false},"product_cat":[29743,24791,24638,24035,25063],"product_tag":[],"bundled_by":[],"bundle_stock_status":"instock","bundle_stock_quantity":null,"bundle_virtual":false,"bundle_layout":"","bundle_add_to_cart_form_location":"","bundle_editable_in_cart":false,"bundle_sold_individually_context":"","bundle_item_grouping":"","bundle_min_size":"","bundle_max_size":"","bundled_items":[],"acf":[],"_links":{"self":[{"href":"https:\/\/beta.alpscigar.com\/zh\/wp-json\/wp\/v2\/product\/65641"}],"collection":[{"href":"https:\/\/beta.alpscigar.com\/zh\/wp-json\/wp\/v2\/product"}],"about":[{"href":"https:\/\/beta.alpscigar.com\/zh\/wp-json\/wp\/v2\/types\/product"}],"wp:featuredmedia":[{"embeddable":true,"href":"https:\/\/beta.alpscigar.com\/zh\/wp-json\/wp\/v2\/media\/65637"}],"wp:attachment":[{"href":"https:\/\/beta.alpscigar.com\/zh\/wp-json\/wp\/v2\/media?parent=65641"}],"wp:term":[{"taxonomy":"product_cat","embeddable":true,"href":"https:\/\/beta.alpscigar.com\/zh\/wp-json\/wp\/v2\/product_cat?post=65641"},{"taxonomy":"product_tag","embeddable":true,"href":"https:\/\/beta.alpscigar.com\/zh\/wp-json\/wp\/v2\/product_tag?post=65641"}],"curies":[{"name":"wp","href":"https:\/\/api.w.org\/{rel}","templated":true}]}}