{"id":65651,"date":"2022-04-29T09:24:15","date_gmt":"2022-04-29T08:24:15","guid":{"rendered":"https:\/\/alpscigar.com\/?post_type=product&#038;p=65651"},"modified":"2023-08-31T14:30:11","modified_gmt":"2023-08-31T13:30:11","slug":"horacio-iii-15","status":"publish","type":"product","link":"https:\/\/beta.alpscigar.com\/zh\/shop\/nicaraguan-cigars\/horacio\/horacio-classic-series\/horacio-iii-15\/","title":{"rendered":"Horacio III (15)"},"content":{"rendered":"<p><strong>Ce magnifique \u00ab\u00a0Duke\u00a0\u00bb<\/strong> \u00e0 la cape huileuse parfaitement remplie est un compagnon id\u00e9al pour toutes les occasions. Le choix et la qualit\u00e9 de son tabac laissent \u00e9maner des effluves fongiques m\u00eal\u00e9es de cuir tann\u00e9. Les ar\u00f4mes plus poivr\u00e9s s&rsquo;ouvrent en bouche d\u00e8s l\u2019allumage.<\/p>\n<p>A la fois v\u00e9g\u00e9tal et poivr\u00e9, <strong>l\u2019Horacio III (N\u00b03) \u00e9volue tranquillement sans jamais s\u2019\u00e9manciper.<\/strong> Sa longueur en bouche comble le palais voluptueusement.<\/p>\n<p>L&rsquo;Horacio III (N\u00b03) \u00e0 conseiller aussi bien aux aficionados \u00e0 la recherche d\u2019un cigare d\u00e9licat dans un module cons\u00e9quent qu\u2019aux nouveaux amateurs voulant s\u2019initier avec go\u00fbt au monde du cigare de caract\u00e8re.<\/p>\n<p>Bo\u00eete de 15 cigares.<\/p>","protected":false},"excerpt":{"rendered":"<p>Horacio III (N\u00b03)<strong>. <\/strong>Bo\u00eete de 15 cigares.<\/p>","protected":false},"featured_media":65647,"template":"","meta":{"_acf_changed":false},"product_cat":[29743,24791,24035,25063],"product_tag":[],"bundled_by":[],"bundle_stock_status":"instock","bundle_stock_quantity":null,"bundle_virtual":false,"bundle_layout":"","bundle_add_to_cart_form_location":"","bundle_editable_in_cart":false,"bundle_sold_individually_context":"","bundle_item_grouping":"","bundle_min_size":"","bundle_max_size":"","bundled_items":[],"acf":[],"_links":{"self":[{"href":"https:\/\/beta.alpscigar.com\/zh\/wp-json\/wp\/v2\/product\/65651"}],"collection":[{"href":"https:\/\/beta.alpscigar.com\/zh\/wp-json\/wp\/v2\/product"}],"about":[{"href":"https:\/\/beta.alpscigar.com\/zh\/wp-json\/wp\/v2\/types\/product"}],"wp:featuredmedia":[{"embeddable":true,"href":"https:\/\/beta.alpscigar.com\/zh\/wp-json\/wp\/v2\/media\/65647"}],"wp:attachment":[{"href":"https:\/\/beta.alpscigar.com\/zh\/wp-json\/wp\/v2\/media?parent=65651"}],"wp:term":[{"taxonomy":"product_cat","embeddable":true,"href":"https:\/\/beta.alpscigar.com\/zh\/wp-json\/wp\/v2\/product_cat?post=65651"},{"taxonomy":"product_tag","embeddable":true,"href":"https:\/\/beta.alpscigar.com\/zh\/wp-json\/wp\/v2\/product_tag?post=65651"}],"curies":[{"name":"wp","href":"https:\/\/api.w.org\/{rel}","templated":true}]}}