{"id":65661,"date":"2022-04-29T09:27:20","date_gmt":"2022-04-29T08:27:20","guid":{"rendered":"https:\/\/alpscigar.com\/?post_type=product&#038;p=65661"},"modified":"2025-05-29T14:31:57","modified_gmt":"2025-05-29T13:31:57","slug":"horacio-v-15","status":"publish","type":"product","link":"https:\/\/beta.alpscigar.com\/zh\/shop\/nicaraguan-cigars\/horacio\/horacio-classic-series\/horacio-v-15\/","title":{"rendered":"Horacio V (15)"},"content":{"rendered":"<p><strong>Ce magnifique \u00ab\u00a0Short Magnum\u00a0\u00bb<\/strong> au pied ferm\u00e9 et \u00e0 la cape riche et grasse d\u00e9gage des senteurs complexes de fruits secs et de poivre vert. Sa construction exemplaire permet de d\u00e9celer \u00e0 cru des ar\u00f4mes d\u2019herbes s\u00e8ches et de sous-bois. Les premi\u00e8re volutes de fum\u00e9e transmettent une tr\u00e8s belle longueur en bouche. <strong>Harmonieuses, les effluves de bois pr\u00e9cieux et de fruits \u00e0 coque enveloppent le palais avec d\u00e9licatesse.<\/strong><\/p>\n<p><strong>L&rsquo;Horacio V (N\u00b05) a une puissance relative<\/strong> et ses quelques notes poivr\u00e9es en font un compagnon id\u00e9al que l&rsquo;on ne souhaite pas quitter.<\/p>\n<p>Bo\u00eete de 15 cigares.<\/p>","protected":false},"excerpt":{"rendered":"<p>Horacio V (N\u00b05)<strong>. <\/strong>Bo\u00eete de 15 cigares.<\/p>","protected":false},"featured_media":65657,"template":"","meta":{"_acf_changed":false},"product_cat":[29743,24791,24638,24035,25063],"product_tag":[],"bundled_by":[],"bundle_stock_status":"instock","bundle_stock_quantity":null,"bundle_virtual":false,"bundle_layout":"","bundle_add_to_cart_form_location":"","bundle_editable_in_cart":false,"bundle_sold_individually_context":"","bundle_item_grouping":"","bundle_min_size":"","bundle_max_size":"","bundled_items":[],"acf":[],"_links":{"self":[{"href":"https:\/\/beta.alpscigar.com\/zh\/wp-json\/wp\/v2\/product\/65661"}],"collection":[{"href":"https:\/\/beta.alpscigar.com\/zh\/wp-json\/wp\/v2\/product"}],"about":[{"href":"https:\/\/beta.alpscigar.com\/zh\/wp-json\/wp\/v2\/types\/product"}],"wp:featuredmedia":[{"embeddable":true,"href":"https:\/\/beta.alpscigar.com\/zh\/wp-json\/wp\/v2\/media\/65657"}],"wp:attachment":[{"href":"https:\/\/beta.alpscigar.com\/zh\/wp-json\/wp\/v2\/media?parent=65661"}],"wp:term":[{"taxonomy":"product_cat","embeddable":true,"href":"https:\/\/beta.alpscigar.com\/zh\/wp-json\/wp\/v2\/product_cat?post=65661"},{"taxonomy":"product_tag","embeddable":true,"href":"https:\/\/beta.alpscigar.com\/zh\/wp-json\/wp\/v2\/product_tag?post=65661"}],"curies":[{"name":"wp","href":"https:\/\/api.w.org\/{rel}","templated":true}]}}