{"id":65666,"date":"2022-04-29T09:27:25","date_gmt":"2022-04-29T08:27:25","guid":{"rendered":"https:\/\/alpscigar.com\/?post_type=product&#038;p=65666"},"modified":"2025-05-29T14:32:25","modified_gmt":"2025-05-29T13:32:25","slug":"horacio-vii-15","status":"publish","type":"product","link":"https:\/\/beta.alpscigar.com\/zh\/shop\/nicaraguan-cigars\/horacio\/horacio-classic-series\/horacio-vii-15\/","title":{"rendered":"Horacio VII (15)"},"content":{"rendered":"<p><strong>La cr\u00e9ation de l&rsquo;Horacio VII (N\u00b07) a permis de constituer l\u2019origine de la gamme Horacio.<\/strong> Ce Robusto recouvert d&rsquo;une cape bien grasse dispense \u00e0 cru des notes riches de cuir et d\u2019\u00e9table.<br \/>\nLes premi\u00e8res impressions se confirment \u00e0 l&rsquo;allumage, <strong>la richesse aromatique surprend.<\/strong> Le fruit \u00e0 coque s&rsquo;enrichit d\u2019humus d\u00e8s les premi\u00e8res volutes. Le cr\u00e9meux m\u00e9nage le tout dans une fum\u00e9e raisonnable mais pr\u00e9sente. Les \u00e9pices compl\u00e8tent sur le deuxi\u00e8me tiers cette palette aromatique g\u00e9n\u00e9reuse.<br \/>\nLa longueur en bouche et la puissance ma\u00eetris\u00e9e d\u00e9montrent une construction parfaite. <strong>La finesse et la d\u00e9licatesse font de ce Robusto un compagnon de soir\u00e9e id\u00e9al.<\/strong><\/p>\n<p>Bo\u00eete de 15 cigares.<\/p>","protected":false},"excerpt":{"rendered":"<p>Horacio VII (N\u00b07)<strong>. <\/strong>Bo\u00eete de 15 cigares.<\/p>","protected":false},"featured_media":65662,"template":"","meta":{"_acf_changed":false},"product_cat":[29743,24791,24035,25063],"product_tag":[],"bundled_by":[],"bundle_stock_status":"instock","bundle_stock_quantity":null,"bundle_virtual":false,"bundle_layout":"","bundle_add_to_cart_form_location":"","bundle_editable_in_cart":false,"bundle_sold_individually_context":"","bundle_item_grouping":"","bundle_min_size":"","bundle_max_size":"","bundled_items":[],"acf":[],"_links":{"self":[{"href":"https:\/\/beta.alpscigar.com\/zh\/wp-json\/wp\/v2\/product\/65666"}],"collection":[{"href":"https:\/\/beta.alpscigar.com\/zh\/wp-json\/wp\/v2\/product"}],"about":[{"href":"https:\/\/beta.alpscigar.com\/zh\/wp-json\/wp\/v2\/types\/product"}],"wp:featuredmedia":[{"embeddable":true,"href":"https:\/\/beta.alpscigar.com\/zh\/wp-json\/wp\/v2\/media\/65662"}],"wp:attachment":[{"href":"https:\/\/beta.alpscigar.com\/zh\/wp-json\/wp\/v2\/media?parent=65666"}],"wp:term":[{"taxonomy":"product_cat","embeddable":true,"href":"https:\/\/beta.alpscigar.com\/zh\/wp-json\/wp\/v2\/product_cat?post=65666"},{"taxonomy":"product_tag","embeddable":true,"href":"https:\/\/beta.alpscigar.com\/zh\/wp-json\/wp\/v2\/product_tag?post=65666"}],"curies":[{"name":"wp","href":"https:\/\/api.w.org\/{rel}","templated":true}]}}