{"id":65671,"date":"2022-04-29T09:27:30","date_gmt":"2022-04-29T08:27:30","guid":{"rendered":"https:\/\/alpscigar.com\/?post_type=product&#038;p=65671"},"modified":"2023-10-04T08:09:54","modified_gmt":"2023-10-04T07:09:54","slug":"horacio-viii-15","status":"publish","type":"product","link":"https:\/\/beta.alpscigar.com\/zh\/shop\/nicaraguan-cigars\/horacio\/horacio-classic-series\/horacio-viii-15\/","title":{"rendered":"Horacio VIII (15)"},"content":{"rendered":"<p><strong>Ce Petit Robusto Horacio VIII (N\u00b08) est dense au toucher.<\/strong> La tripe d\u00e9gage des ar\u00f4mes puissants nous rappelant nos balades en for\u00eat. Le sous-bois et ses ar\u00f4mes d\u2019herbes s\u00e8ches et d&rsquo;humus se m\u00ealent avec d\u00e9licatesse aux pointes d&rsquo;\u00e9pices.<\/p>\n<p>L&rsquo;allumage est franc et direct. Les premi\u00e8res volutes combinent un m\u00e9lange d&rsquo;\u00e9pices et de bois pr\u00e9cieux, le tout avec puissance et ferveur. S\u2019apaisant par la suite en devenant plus ronds, les ar\u00f4mes se calent sur des notes de bois pr\u00e9cieux, le tout avec un volume de fum\u00e9e remarquable pour sa taille.<\/p>\n<p><strong>Cette petite vitole est \u00e0 la fois puissante et complexe, et prouve, l\u00e0 encore, la parfaite ma\u00eetrise des assemblages de tabac.<\/strong><\/p>\n<p>Bo\u00eete de 15 cigares.<\/p>","protected":false},"excerpt":{"rendered":"<p>Horacio VIII (N\u00b08)<strong>. <\/strong>Bo\u00eete de 15 cigares.<\/p>","protected":false},"featured_media":65667,"template":"","meta":{"_acf_changed":false},"product_cat":[29743,24791,24638,24035,25063],"product_tag":[],"bundled_by":[],"bundle_stock_status":"instock","bundle_stock_quantity":null,"bundle_virtual":false,"bundle_layout":"","bundle_add_to_cart_form_location":"","bundle_editable_in_cart":false,"bundle_sold_individually_context":"","bundle_item_grouping":"","bundle_min_size":"","bundle_max_size":"","bundled_items":[],"acf":[],"_links":{"self":[{"href":"https:\/\/beta.alpscigar.com\/zh\/wp-json\/wp\/v2\/product\/65671"}],"collection":[{"href":"https:\/\/beta.alpscigar.com\/zh\/wp-json\/wp\/v2\/product"}],"about":[{"href":"https:\/\/beta.alpscigar.com\/zh\/wp-json\/wp\/v2\/types\/product"}],"wp:featuredmedia":[{"embeddable":true,"href":"https:\/\/beta.alpscigar.com\/zh\/wp-json\/wp\/v2\/media\/65667"}],"wp:attachment":[{"href":"https:\/\/beta.alpscigar.com\/zh\/wp-json\/wp\/v2\/media?parent=65671"}],"wp:term":[{"taxonomy":"product_cat","embeddable":true,"href":"https:\/\/beta.alpscigar.com\/zh\/wp-json\/wp\/v2\/product_cat?post=65671"},{"taxonomy":"product_tag","embeddable":true,"href":"https:\/\/beta.alpscigar.com\/zh\/wp-json\/wp\/v2\/product_tag?post=65671"}],"curies":[{"name":"wp","href":"https:\/\/api.w.org\/{rel}","templated":true}]}}