{"id":65697,"date":"2022-04-29T09:35:37","date_gmt":"2022-04-29T08:35:37","guid":{"rendered":"https:\/\/alpscigar.com\/?post_type=product&#038;p=65697"},"modified":"2025-05-29T14:43:23","modified_gmt":"2025-05-29T13:43:23","slug":"izambar-monarch","status":"publish","type":"product","link":"https:\/\/beta.alpscigar.com\/zh\/shop\/nicaraguan-cigars\/izambar\/line-exclusive\/izambar-monarch\/","title":{"rendered":"Izambar Monarch"},"content":{"rendered":"<p>\u00ab\u00a0Au royaume des fumeurs, le Monarch est roi\u00a0!\u00a0\u00bb<\/p>\n<p><strong>Produit \u00e0 100 exemplaires seulement,<\/strong> le Monarch est une d\u00e9marche avant tout exp\u00e9rimentale, car pour produire un cigare en si petite quantit\u00e9 il faut n\u00e9cessairement penser de mani\u00e8re tr\u00e8s artisanale. L\u2019id\u00e9e de ce cigare est d\u2019offrir de l\u2019exclusivit\u00e9 provenant d\u2019un terroir comme le Nicaragua, donner la possibilit\u00e9 de d\u00e9guster des choses bien diff\u00e9rentes de ces r\u00e9gions avec des tabacs de qualit\u00e9, un go\u00fbt aujourd\u2019hui, malheureusement format\u00e9, galvaud\u00e9 par les grosses multinationales qui inondent le march\u00e9 de \u00ab\u00a0stogies\u00a0\u00bb aux saveurs souvent agressives et insipides.<\/p>\n<p><strong>Le Monarch se pr\u00e9sente en tube de verre,<\/strong> comme un vin dans son contenant, bouchonn\u00e9 et cir\u00e9 pour le prot\u00e9ger des agressions ext\u00e9rieures, comme l\u2019oxydation des ph\u00e9nols par l\u2019oxyg\u00e8ne, et les \u00e9changes avec d\u2019autres cigares de votre cave qui finissent par s\u2019alt\u00e9rer, sans parler de tous les \u00e9carts d\u2019hygrom\u00e9tries sur de longues p\u00e9riodes. Cette m\u00e9thode de conservation lui permet de conserver toutes ses propri\u00e9t\u00e9s aromatiques et une meilleure stabilit\u00e9 sur la dur\u00e9e, offrant ainsi en retour un affinage bien diff\u00e9rent.<\/p>\n<p>Posez-vous cette question, <strong>aurait-on l\u2019id\u00e9e de conserver un vin dans une carafe ouverte aux quatre vents\u00a0?<\/strong><\/p>\n<p>Ce Monarch, gr\u00e2ce \u00e0 son sarcophage de verre pourra se conserver \u00ab\u00a0ad vitam aeternam\u00a0\u00bb gr\u00e2ce \u00e0 l\u2019humidit\u00e9 intrins\u00e8que de ses feuilles. A son ouverture, il sera conseill\u00e9 de le laisser s\u2019oxyg\u00e9ner au minimum trois semaines dans une cave \u00e0 cigares, bien isol\u00e9 des autres modules afin qu\u2019il reprenne vie apr\u00e8s cette longue hibernation. Confectionn\u00e9 d\u2019une liga unique pour ce module, son m\u00e9lange provient de tabac soigneusement choisi des r\u00e9gions de Jalapa, d\u2019Esteli, et d\u2019Ometepe au Nicaragua. Sur le tube est grav\u00e9 le mois de roulage, ainsi que sa mise en tube, une tra\u00e7abilit\u00e9 fort inutile pour les B\u00e9otiens, mais tr\u00e8s appr\u00e9ci\u00e9 et indispensable \u00e0 tous les amateurs \u00e9clair\u00e9s.<\/p>\n<p>Pour l\u2019avoir d\u00e9gust\u00e9 \u00e0 ce jour, ce module rappelons-le, n\u2019a que deux mois de roulage, un cigare toutefois tr\u00e8s juv\u00e9nile qui ne demande qu\u2019\u00e0 grandir et s\u2019\u00e9panouir avec le temps.<\/p>","protected":false},"excerpt":{"rendered":"<p>Izambar Monarch.<\/p>","protected":false},"featured_media":65695,"template":"","meta":{"_acf_changed":false},"product_cat":[29866,29916,24791,24638,24035],"product_tag":[],"bundled_by":[],"bundle_stock_status":"instock","bundle_stock_quantity":null,"bundle_virtual":false,"bundle_layout":"","bundle_add_to_cart_form_location":"","bundle_editable_in_cart":false,"bundle_sold_individually_context":"","bundle_item_grouping":"","bundle_min_size":"","bundle_max_size":"","bundled_items":[],"acf":[],"_links":{"self":[{"href":"https:\/\/beta.alpscigar.com\/zh\/wp-json\/wp\/v2\/product\/65697"}],"collection":[{"href":"https:\/\/beta.alpscigar.com\/zh\/wp-json\/wp\/v2\/product"}],"about":[{"href":"https:\/\/beta.alpscigar.com\/zh\/wp-json\/wp\/v2\/types\/product"}],"wp:featuredmedia":[{"embeddable":true,"href":"https:\/\/beta.alpscigar.com\/zh\/wp-json\/wp\/v2\/media\/65695"}],"wp:attachment":[{"href":"https:\/\/beta.alpscigar.com\/zh\/wp-json\/wp\/v2\/media?parent=65697"}],"wp:term":[{"taxonomy":"product_cat","embeddable":true,"href":"https:\/\/beta.alpscigar.com\/zh\/wp-json\/wp\/v2\/product_cat?post=65697"},{"taxonomy":"product_tag","embeddable":true,"href":"https:\/\/beta.alpscigar.com\/zh\/wp-json\/wp\/v2\/product_tag?post=65697"}],"curies":[{"name":"wp","href":"https:\/\/api.w.org\/{rel}","templated":true}]}}