{"id":65708,"date":"2022-04-29T09:37:30","date_gmt":"2022-04-29T08:37:30","guid":{"rendered":"https:\/\/alpscigar.com\/?post_type=product&#038;p=65708"},"modified":"2023-11-06T11:30:03","modified_gmt":"2023-11-06T10:30:03","slug":"j-m-rhum-v-s-o-p","status":"publish","type":"product","link":"https:\/\/beta.alpscigar.com\/zh\/shop\/alcools\/rhum\/j-m\/j-m-rhum-v-s-o-p\/","title":{"rendered":"J.M Rhum V.S.O.P"},"content":{"rendered":"<p>Voici un alcool mythique : le rhum J.M V.S.O.P <strong>un des plus beaux crus de la marque,<\/strong> ayant b\u00e9n\u00e9fici\u00e9 d\u2019un vieillissement de 4 \u00e0 5 ans \u00e0 la distillerie J.M, dans des f\u00fbts de bourbon am\u00e9ricains, ce qui lui a permis de d\u00e9velopper des ar\u00f4mes rares et complexes.<\/p>\n<p>Elabor\u00e9 \u00e0 partir du <strong>pur jus de canne press\u00e9e,<\/strong> c\u2019est l\u00e0 une des r\u00e9f\u00e9rences incontournables de la marque J.M ! Rappelons que le rhum vieux de cette marque est <strong>consid\u00e9r\u00e9 comme l&rsquo;un des meilleurs au monde.<\/strong><\/p>\n<h4>NOTE DE D\u00c9GUSTATION<\/h4>\n<p><strong>Couleur :\u00a0<\/strong>Une belle robe caramel dor\u00e9 caract\u00e9rise ce V.S.O.P.<br \/>\n<strong>Nez : <\/strong>On retrouve \u00e0 la fois les notes bois\u00e9es s\u00e8ches, fum\u00e9es, presque grill\u00e9es du f\u00fbt de ch\u00eane, si typiques de JM. Mais aussi des parfums de tabac, de tabac blond miell\u00e9 ou de cigare raffin\u00e9. Le nez est particuli\u00e8rement complexe, puisque l\u2019on retrouve aussi des notes de sucre aux accents d\u2019\u00e9pices, de r\u00e9glisse, de miel de canne \u00e0 sucre, le caf\u00e9, le caramel brun, les caramels-pistaches, les tablettes cocos&#8230;<br \/>\n<strong>Bouche : <\/strong>on peut discerner des notes de lait\u00a0 de coco, qui viennent sous-tendre les notes bois\u00e9es fum\u00e9es et\u00a0 toutes les notes grill\u00e9es. Un subtil \u00e9quilibre s\u2019op\u00e8re avec les \u00e9pices du sucre de canne (cannelle, gingembre et girofle) et le caf\u00e9 torr\u00e9fi\u00e9. Notons que ce rhum peut se d\u00e9guster avec un caf\u00e9 ou en ap\u00e9ritif avec du sirop de sucre de canne et quelques gla\u00e7ons.<br \/>\n<strong>Finale : <\/strong>La finale est complexe.<\/p>","protected":false},"excerpt":{"rendered":"<p>1 bouteille de 70cl.<\/p>","protected":false},"featured_media":65707,"template":"","meta":{"_acf_changed":false},"product_cat":[25246,29867,29991],"product_tag":[],"bundled_by":[],"bundle_stock_status":"instock","bundle_stock_quantity":null,"bundle_virtual":false,"bundle_layout":"","bundle_add_to_cart_form_location":"","bundle_editable_in_cart":false,"bundle_sold_individually_context":"","bundle_item_grouping":"","bundle_min_size":"","bundle_max_size":"","bundled_items":[],"acf":[],"_links":{"self":[{"href":"https:\/\/beta.alpscigar.com\/zh\/wp-json\/wp\/v2\/product\/65708"}],"collection":[{"href":"https:\/\/beta.alpscigar.com\/zh\/wp-json\/wp\/v2\/product"}],"about":[{"href":"https:\/\/beta.alpscigar.com\/zh\/wp-json\/wp\/v2\/types\/product"}],"wp:featuredmedia":[{"embeddable":true,"href":"https:\/\/beta.alpscigar.com\/zh\/wp-json\/wp\/v2\/media\/65707"}],"wp:attachment":[{"href":"https:\/\/beta.alpscigar.com\/zh\/wp-json\/wp\/v2\/media?parent=65708"}],"wp:term":[{"taxonomy":"product_cat","embeddable":true,"href":"https:\/\/beta.alpscigar.com\/zh\/wp-json\/wp\/v2\/product_cat?post=65708"},{"taxonomy":"product_tag","embeddable":true,"href":"https:\/\/beta.alpscigar.com\/zh\/wp-json\/wp\/v2\/product_tag?post=65708"}],"curies":[{"name":"wp","href":"https:\/\/api.w.org\/{rel}","templated":true}]}}