{"id":65979,"date":"2022-04-29T10:22:52","date_gmt":"2022-04-29T09:22:52","guid":{"rendered":"https:\/\/alpscigar.com\/?post_type=product&#038;p=65979"},"modified":"2023-11-06T10:58:16","modified_gmt":"2023-11-06T09:58:16","slug":"langatun-port-cask-finish","status":"publish","type":"product","link":"https:\/\/beta.alpscigar.com\/zh\/shop\/alcools\/whisky\/langatun\/langatun-port-cask-finish\/","title":{"rendered":"Langatun Port Cask Finish"},"content":{"rendered":"<p>Le vin de Porto (Vinho do Porto), bri\u00e8vement appel\u00e9 \u00abPorto\u00bb, est classique dans le monde du vin. Il est toujours situ\u00e9 dans la r\u00e9gion de l&rsquo;Alto Douro dans la vall\u00e9e portugaise du Douro et est en tout cas un vin doux rouge, plus rarement un vin doux blanc. Avec l&rsquo;une de ces bouteilles, nous vous pr\u00e9senterons une accumulation plus longue de la saveur et de la complexit\u00e9 particuli\u00e8res de notre finition <strong>Langatun Port Cask Finish.<\/strong> Nous remplissons 100 bouteilles simples en f\u00fbts avec 62,7% et <strong>426 bouteilles avec 49,12%,<\/strong> \u00e9galement num\u00e9rot\u00e9es individuellement au cas par cas.<\/p>\n<p><strong>La bouteille est livr\u00e9e dans une bo\u00eete en bois Langatun.<\/strong><\/p>","protected":false},"excerpt":{"rendered":"<p>1 bouteille de 50 cl.<\/p>","protected":false},"featured_media":65978,"template":"","meta":{"_acf_changed":false},"product_cat":[25246,29906,30043,24638],"product_tag":[],"bundled_by":[],"bundle_stock_status":"instock","bundle_stock_quantity":null,"bundle_virtual":false,"bundle_layout":"","bundle_add_to_cart_form_location":"","bundle_editable_in_cart":false,"bundle_sold_individually_context":"","bundle_item_grouping":"","bundle_min_size":"","bundle_max_size":"","bundled_items":[],"acf":[],"_links":{"self":[{"href":"https:\/\/beta.alpscigar.com\/zh\/wp-json\/wp\/v2\/product\/65979"}],"collection":[{"href":"https:\/\/beta.alpscigar.com\/zh\/wp-json\/wp\/v2\/product"}],"about":[{"href":"https:\/\/beta.alpscigar.com\/zh\/wp-json\/wp\/v2\/types\/product"}],"wp:featuredmedia":[{"embeddable":true,"href":"https:\/\/beta.alpscigar.com\/zh\/wp-json\/wp\/v2\/media\/65978"}],"wp:attachment":[{"href":"https:\/\/beta.alpscigar.com\/zh\/wp-json\/wp\/v2\/media?parent=65979"}],"wp:term":[{"taxonomy":"product_cat","embeddable":true,"href":"https:\/\/beta.alpscigar.com\/zh\/wp-json\/wp\/v2\/product_cat?post=65979"},{"taxonomy":"product_tag","embeddable":true,"href":"https:\/\/beta.alpscigar.com\/zh\/wp-json\/wp\/v2\/product_tag?post=65979"}],"curies":[{"name":"wp","href":"https:\/\/api.w.org\/{rel}","templated":true}]}}