{"id":65984,"date":"2022-04-29T10:22:59","date_gmt":"2022-04-29T09:22:59","guid":{"rendered":"https:\/\/alpscigar.com\/?post_type=product&#038;p=65984"},"modified":"2023-09-25T14:21:27","modified_gmt":"2023-09-25T13:21:27","slug":"la-flor-de-cano-petit-coronas-25","status":"publish","type":"product","link":"https:\/\/beta.alpscigar.com\/zh\/shop\/cigares-cubains\/la-flor-de-cano\/la-flor-de-cano-petit-coronas-25\/","title":{"rendered":"La Flor De Cano Petit Coronas (25)"},"content":{"rendered":"<p>Le cigare La Flor De Cano Petit Coronas offre une excellente saveur florale douce et une finition lisse.\u00a0Une bonne quantit\u00e9 de cendres emp\u00eachera le go\u00fbt de devenir trop \u00ab\u00a0chaud\u00a0\u00bb et dur au dernier tiers du cigare.<\/p>","protected":false},"excerpt":{"rendered":"<p>\u6bcf\u76d2 25 \u652f\u3002<\/p>","protected":false},"featured_media":65980,"template":"","meta":{"_acf_changed":false},"product_cat":[29895,24791,40],"product_tag":[],"bundled_by":[],"bundle_stock_status":"outofstock","bundle_stock_quantity":0,"bundle_virtual":false,"bundle_layout":"","bundle_add_to_cart_form_location":"","bundle_editable_in_cart":false,"bundle_sold_individually_context":"","bundle_item_grouping":"","bundle_min_size":"","bundle_max_size":"","bundled_items":[],"acf":[],"_links":{"self":[{"href":"https:\/\/beta.alpscigar.com\/zh\/wp-json\/wp\/v2\/product\/65984"}],"collection":[{"href":"https:\/\/beta.alpscigar.com\/zh\/wp-json\/wp\/v2\/product"}],"about":[{"href":"https:\/\/beta.alpscigar.com\/zh\/wp-json\/wp\/v2\/types\/product"}],"wp:featuredmedia":[{"embeddable":true,"href":"https:\/\/beta.alpscigar.com\/zh\/wp-json\/wp\/v2\/media\/65980"}],"wp:attachment":[{"href":"https:\/\/beta.alpscigar.com\/zh\/wp-json\/wp\/v2\/media?parent=65984"}],"wp:term":[{"taxonomy":"product_cat","embeddable":true,"href":"https:\/\/beta.alpscigar.com\/zh\/wp-json\/wp\/v2\/product_cat?post=65984"},{"taxonomy":"product_tag","embeddable":true,"href":"https:\/\/beta.alpscigar.com\/zh\/wp-json\/wp\/v2\/product_tag?post=65984"}],"curies":[{"name":"wp","href":"https:\/\/api.w.org\/{rel}","templated":true}]}}