{"id":66007,"date":"2022-04-29T10:26:18","date_gmt":"2022-04-29T09:26:18","guid":{"rendered":"https:\/\/alpscigar.com\/?post_type=product&#038;p=66007"},"modified":"2025-05-29T14:12:55","modified_gmt":"2025-05-29T13:12:55","slug":"langatun-avo-jazz-edition-1st-edition","status":"publish","type":"product","link":"https:\/\/beta.alpscigar.com\/zh\/shop\/alcools\/whisky\/langatun\/langatun-avo-jazz-edition-1st-edition\/","title":{"rendered":"Langatun Avo Jazz Edition 1st Edition"},"content":{"rendered":"<p>Qu&rsquo;il s&rsquo;agisse de whisky, de gin, de vodka, de rhum, de bourbon ou de brandy, la distillerie Langatun vous les propose tous. L&rsquo;installation moderne de Langenthal, construite en 1616, fonctionne donc \u00e0 plein r\u00e9gime. Langatun est l&rsquo;une des nombreuses entreprises nationales qui \u00e9crivent une toute nouvelle histoire \u00e0 succ\u00e8s depuis le tournant du mill\u00e9naire.<\/p>\n<p>Pendant trois g\u00e9n\u00e9rations, la distillation de l&rsquo;eau-de-vie de c\u00e9r\u00e9ales a \u00e9t\u00e9 interdite. La raison de cette d\u00e9cision \u00e9tait le souci du bien commun, car \u00e0 la fin du XIXe si\u00e8cle, les paysans pr\u00e9f\u00e9raient convertir leurs champs en alcool bon march\u00e9 plut\u00f4t que d\u2019en r\u00e9colter les c\u00e9r\u00e9ales dans une vue alimentaire. Mais aujourd&rsquo;hui, il n&rsquo;y a plus de risque \u00e0 cet \u00e9gard et Langatun en profite clairement. Cette \u00e9dition a \u00e9t\u00e9 mise en bouteille apr\u00e8s six ans de maturation, \u00e0 l\u2019occasion de la premi\u00e8re session Avo Jazz, qui s&rsquo;est d\u00e9roul\u00e9e en novembre 2015 dans la \u00ab\u00a0Whisky House\u00a0\u00bb (Langatuns Kornhaus). Il ne s\u2019agit pas seulement du si\u00e8ge de la distillerie, mais aussi d\u2019un lieu d&rsquo;\u00e9v\u00e9nements.<\/p>\n<p>Pour les invit\u00e9s de la session de jazz, non seulement de la musique et du whisky ont \u00e9t\u00e9 offerts, mais aussi des cigares assortis. Le Single Malt est une combinaison de trois types de f\u00fbts (Chardonnay, sherry et Ch\u00e2teauneuf-du-Pape). Le go\u00fbt est caract\u00e9ris\u00e9 par des <strong>notes de caramel, de sherry, de raisin, de moka et un peu de chocolat au lait.<\/strong><\/p>\n<p><strong>La bouteille est livr\u00e9e dans une bo\u00eete en bois Langatun.<\/strong><\/p>","protected":false},"excerpt":{"rendered":"<p>1 bouteille de 50 cl.<\/p>","protected":false},"featured_media":66006,"template":"","meta":{"_acf_changed":false},"product_cat":[25246,29906,30043],"product_tag":[],"bundled_by":[],"bundle_stock_status":"instock","bundle_stock_quantity":null,"bundle_virtual":false,"bundle_layout":"","bundle_add_to_cart_form_location":"","bundle_editable_in_cart":false,"bundle_sold_individually_context":"","bundle_item_grouping":"","bundle_min_size":"","bundle_max_size":"","bundled_items":[],"acf":[],"_links":{"self":[{"href":"https:\/\/beta.alpscigar.com\/zh\/wp-json\/wp\/v2\/product\/66007"}],"collection":[{"href":"https:\/\/beta.alpscigar.com\/zh\/wp-json\/wp\/v2\/product"}],"about":[{"href":"https:\/\/beta.alpscigar.com\/zh\/wp-json\/wp\/v2\/types\/product"}],"wp:featuredmedia":[{"embeddable":true,"href":"https:\/\/beta.alpscigar.com\/zh\/wp-json\/wp\/v2\/media\/66006"}],"wp:attachment":[{"href":"https:\/\/beta.alpscigar.com\/zh\/wp-json\/wp\/v2\/media?parent=66007"}],"wp:term":[{"taxonomy":"product_cat","embeddable":true,"href":"https:\/\/beta.alpscigar.com\/zh\/wp-json\/wp\/v2\/product_cat?post=66007"},{"taxonomy":"product_tag","embeddable":true,"href":"https:\/\/beta.alpscigar.com\/zh\/wp-json\/wp\/v2\/product_tag?post=66007"}],"curies":[{"name":"wp","href":"https:\/\/api.w.org\/{rel}","templated":true}]}}