{"id":66053,"date":"2022-04-29T10:32:11","date_gmt":"2022-04-29T09:32:11","guid":{"rendered":"https:\/\/alpscigar.com\/?post_type=product&#038;p=66053"},"modified":"2023-09-18T16:35:29","modified_gmt":"2023-09-18T15:35:29","slug":"la-ley-mareva-21","status":"publish","type":"product","link":"https:\/\/beta.alpscigar.com\/zh\/shop\/nicaraguan-cigars\/la-ley\/la-ley-mareva-21\/","title":{"rendered":"La Ley Mareva (21)"},"content":{"rendered":"<p>Nouvelle marque du Nicaragua dont l&rsquo;assemblage a \u00e9t\u00e9 mis au point par Didier Houvenaghel. Le cigare La Ley Mareva est un petit corona de 102 mm pour un diam\u00e8tre de 17.32 mm confectionn\u00e9 avec les meilleurs tabacs des r\u00e9gions d&rsquo;Esteli et de Jalapa avec \u00e9galement un peu de tabacs du Honduras. Des tabacs de tr\u00e8s haute qualit\u00e9 ayant subi plusieurs fermentations ainsi qu&rsquo;un vieillissement prolong\u00e9 afin d&rsquo;apporter un maximum de plaisir lors de la d\u00e9gustation. <strong>Beaucoup plus nerveux et puissant que le robusto.<\/strong> A d\u00e9guster sans tarder.<\/p>","protected":false},"excerpt":{"rendered":"<p>Bo\u00eete de 21 cigares.<\/p>","protected":false},"featured_media":66051,"template":"","meta":{"_acf_changed":false},"product_cat":[29904,24791,21990,24720,24035],"product_tag":[],"bundled_by":[],"bundle_stock_status":"instock","bundle_stock_quantity":null,"bundle_virtual":false,"bundle_layout":"","bundle_add_to_cart_form_location":"","bundle_editable_in_cart":false,"bundle_sold_individually_context":"","bundle_item_grouping":"","bundle_min_size":"","bundle_max_size":"","bundled_items":[],"acf":[],"_links":{"self":[{"href":"https:\/\/beta.alpscigar.com\/zh\/wp-json\/wp\/v2\/product\/66053"}],"collection":[{"href":"https:\/\/beta.alpscigar.com\/zh\/wp-json\/wp\/v2\/product"}],"about":[{"href":"https:\/\/beta.alpscigar.com\/zh\/wp-json\/wp\/v2\/types\/product"}],"wp:featuredmedia":[{"embeddable":true,"href":"https:\/\/beta.alpscigar.com\/zh\/wp-json\/wp\/v2\/media\/66051"}],"wp:attachment":[{"href":"https:\/\/beta.alpscigar.com\/zh\/wp-json\/wp\/v2\/media?parent=66053"}],"wp:term":[{"taxonomy":"product_cat","embeddable":true,"href":"https:\/\/beta.alpscigar.com\/zh\/wp-json\/wp\/v2\/product_cat?post=66053"},{"taxonomy":"product_tag","embeddable":true,"href":"https:\/\/beta.alpscigar.com\/zh\/wp-json\/wp\/v2\/product_tag?post=66053"}],"curies":[{"name":"wp","href":"https:\/\/api.w.org\/{rel}","templated":true}]}}