{"id":66090,"date":"2022-04-29T10:55:48","date_gmt":"2022-04-29T09:55:48","guid":{"rendered":"https:\/\/alpscigar.com\/?post_type=product&#038;p=66090"},"modified":"2023-11-06T11:27:08","modified_gmt":"2023-11-06T10:27:08","slug":"malecon-rum-25-ans-reserva-imperial","status":"publish","type":"product","link":"https:\/\/beta.alpscigar.com\/zh\/shop\/alcools\/rhum\/malecon\/malecon-rum-25-ans-reserva-imperial\/","title":{"rendered":"Malecon Rum 25 ans Reserva Imperial"},"content":{"rendered":"<p>Ce Malecon Rum 25 ans Reserva Imperial exprime tout le savoir-faire de la marque, appartenant \u00e0 Marco Savio, un grand sp\u00e9cialiste en mati\u00e8re de rhums. Pendant ses 25 ann\u00e9es de vieillissement, il a constitu\u00e9 son profil aromatique si particulier, qui le font reconna\u00eetre entre tous, dont voici un r\u00e9sum\u00e9 ci-dessous.<\/p>\n<p>C\u2019est \u00e0 la distillerie\u00a0Caribbean Spirits Panama\u00a0que la production s\u2019effectue, gr\u00e2ce \u00e0 un \u00e9quipement tr\u00e8s moderne, qui permet l\u2019obtention de distillats tr\u00e8s fins. Le vieillissement est effectu\u00e9 dans des f\u00fbts de ch\u00eane am\u00e9ricains ayant contenu du bourbon, ce qui lui permet de d\u00e9velopper des ar\u00f4mes tr\u00e8s particuliers.<\/p>\n<p>Les diff\u00e9rentes cuv\u00e9es \u00e9labor\u00e9es sont ensuite distribu\u00e9es par la Savio Trading Sarl, bas\u00e9e \u00e0 Aoste en Italie.<\/p>\n<h4>NOTE DE D\u00c9GUSTATION<\/h4>\n<p><strong>Nez\u00a0:<\/strong> Le nez primaire de ce 25 ans fait preuve d&rsquo;un bel \u00e9quilibre. Les parfums d&rsquo;amandes torr\u00e9fi\u00e9es sont habilement mari\u00e9s \u00e0 ceux de noix de macadamia. Le nez secondaire est, quant \u00e0 lui, davantage marqu\u00e9 par les \u00e9pices.<br \/>\n<strong>Bouche :<\/strong> Ce 25 ans d&rsquo;\u00e2ge r\u00e9v\u00e8le des saveurs de caf\u00e9 noir (expresso) qui marquent intens\u00e9ment la d\u00e9gustation. Notes menthol\u00e9es et saveurs de toffee apaisent l&rsquo;ensemble.<br \/>\n<strong>Finale\u00a0:<\/strong> La finale est douce et marqu\u00e9e par un caract\u00e8re \u00e9pic\u00e9.<\/p>","protected":false},"excerpt":{"rendered":"<p>1 bouteille de 70cl.<\/p>","protected":false},"featured_media":66088,"template":"","meta":{"_acf_changed":false},"product_cat":[25246,29920,29991,24638],"product_tag":[],"bundled_by":[],"bundle_stock_status":"instock","bundle_stock_quantity":null,"bundle_virtual":false,"bundle_layout":"","bundle_add_to_cart_form_location":"","bundle_editable_in_cart":false,"bundle_sold_individually_context":"","bundle_item_grouping":"","bundle_min_size":"","bundle_max_size":"","bundled_items":[],"acf":[],"_links":{"self":[{"href":"https:\/\/beta.alpscigar.com\/zh\/wp-json\/wp\/v2\/product\/66090"}],"collection":[{"href":"https:\/\/beta.alpscigar.com\/zh\/wp-json\/wp\/v2\/product"}],"about":[{"href":"https:\/\/beta.alpscigar.com\/zh\/wp-json\/wp\/v2\/types\/product"}],"wp:featuredmedia":[{"embeddable":true,"href":"https:\/\/beta.alpscigar.com\/zh\/wp-json\/wp\/v2\/media\/66088"}],"wp:attachment":[{"href":"https:\/\/beta.alpscigar.com\/zh\/wp-json\/wp\/v2\/media?parent=66090"}],"wp:term":[{"taxonomy":"product_cat","embeddable":true,"href":"https:\/\/beta.alpscigar.com\/zh\/wp-json\/wp\/v2\/product_cat?post=66090"},{"taxonomy":"product_tag","embeddable":true,"href":"https:\/\/beta.alpscigar.com\/zh\/wp-json\/wp\/v2\/product_tag?post=66090"}],"curies":[{"name":"wp","href":"https:\/\/api.w.org\/{rel}","templated":true}]}}