{"id":66119,"date":"2022-04-29T10:59:43","date_gmt":"2022-04-29T09:59:43","guid":{"rendered":"https:\/\/alpscigar.com\/?post_type=product&#038;p=66119"},"modified":"2025-05-29T14:37:44","modified_gmt":"2025-05-29T13:37:44","slug":"minotaur-no-1","status":"publish","type":"product","link":"https:\/\/beta.alpscigar.com\/zh\/shop\/\u54e5\u65af\u8fbe\u9ece\u52a0\u96ea\u8304\/minotaur\/minotaur-no-1\/","title":{"rendered":"Minotaur No. 1"},"content":{"rendered":"<p><strong>Les ar\u00f4mes des cigares Minautor<\/strong> se d\u00e9veloppent de la premi\u00e8re \u00e0 la derni\u00e8re bouff\u00e9e, en passant par des parfums de chocolat noir, de terre, de caf\u00e9 et de bois.<\/p>\n<p><strong>Minotaur No. 1.<\/strong> 25 cigares.<\/p>","protected":false},"excerpt":{"rendered":"<p><strong>Minotaur No. 1.<\/strong> 25 cigares.<\/p>","protected":false},"featured_media":66118,"template":"","meta":{"_acf_changed":false},"product_cat":[29735,29928,24791],"product_tag":[],"bundled_by":[],"bundle_stock_status":"instock","bundle_stock_quantity":null,"bundle_virtual":false,"bundle_layout":"","bundle_add_to_cart_form_location":"","bundle_editable_in_cart":false,"bundle_sold_individually_context":"","bundle_item_grouping":"","bundle_min_size":"","bundle_max_size":"","bundled_items":[],"acf":[],"_links":{"self":[{"href":"https:\/\/beta.alpscigar.com\/zh\/wp-json\/wp\/v2\/product\/66119"}],"collection":[{"href":"https:\/\/beta.alpscigar.com\/zh\/wp-json\/wp\/v2\/product"}],"about":[{"href":"https:\/\/beta.alpscigar.com\/zh\/wp-json\/wp\/v2\/types\/product"}],"wp:featuredmedia":[{"embeddable":true,"href":"https:\/\/beta.alpscigar.com\/zh\/wp-json\/wp\/v2\/media\/66118"}],"wp:attachment":[{"href":"https:\/\/beta.alpscigar.com\/zh\/wp-json\/wp\/v2\/media?parent=66119"}],"wp:term":[{"taxonomy":"product_cat","embeddable":true,"href":"https:\/\/beta.alpscigar.com\/zh\/wp-json\/wp\/v2\/product_cat?post=66119"},{"taxonomy":"product_tag","embeddable":true,"href":"https:\/\/beta.alpscigar.com\/zh\/wp-json\/wp\/v2\/product_tag?post=66119"}],"curies":[{"name":"wp","href":"https:\/\/api.w.org\/{rel}","templated":true}]}}