{"id":66135,"date":"2022-04-29T11:02:35","date_gmt":"2022-04-29T10:02:35","guid":{"rendered":"https:\/\/alpscigar.com\/?post_type=product&#038;p=66135"},"modified":"2023-11-06T11:29:21","modified_gmt":"2023-11-06T10:29:21","slug":"malecon-rum-18-ans-reserva-imperial","status":"publish","type":"product","link":"https:\/\/beta.alpscigar.com\/zh\/shop\/alcools\/rhum\/malecon\/malecon-rum-18-ans-reserva-imperial\/","title":{"rendered":"Malecon Rum 18 ans Reserva Imperial"},"content":{"rendered":"<p>Les rhums\u00a0Malecon\u00a0se distinguent par leur caract\u00e8re cubain affirm\u00e9. Pour les \u00e9laborer, les \u00e9quipements les plus modernes sont utilis\u00e9s, au sein de la distillerie Caribbean Spirits\u00a0Panama.<\/p>\n<p>Ces rhums traditionnels issus de la distillation de m\u00e9lasse sont ensuite distribu\u00e9s par la Savio Trading Sarl, bas\u00e9e \u00e0 Aoste, en Italie. Elle porte le nom du propri\u00e9taire de la marque, Marco Savio, grand sp\u00e9cialiste en tout ce qui concerne le rhum.<\/p>\n<p>Cette cuv\u00e9e\u00a0Malecon 18 ans\u00a0a b\u00e9n\u00e9fici\u00e9 d\u2019un vieillissement dans des f\u00fbts de ch\u00eane am\u00e9ricain, ayant contenu du Bourbon. Pendant 18 ans, ce nectar a eu le temps de d\u00e9velopper ses ar\u00f4mes, ainsi que le r\u00e9v\u00e8lent les notes de d\u00e9gustation ci-dessous.<\/p>\n<h4>NOTE DE D\u00c9GUSTATION<\/h4>\n<p><strong>Nez\u00a0:<\/strong> Le nez de ce Malecon 18 ans d\u00e9voile une certaine l\u00e9g\u00e8ret\u00e9. Les parfums de caramel sal\u00e9 se m\u00ealent aux effluves fruit\u00e9es de la banane et l&rsquo;ananas.<br \/>\n<strong>Bouche :<\/strong> La d\u00e9gustation de ce 18 ans est marqu\u00e9e par la gourmandise et une opulence de saveurs o\u00f9 fruits exotiques et vanille marquent leur pr\u00e9sence avec intensit\u00e9.<br \/>\n<strong>Finale\u00a0:<\/strong> La finale est particuli\u00e8rement d\u00e9licate et se pare d&rsquo;\u00e9pices douces et chaleureuses.<\/p>","protected":false},"excerpt":{"rendered":"<p>1 bouteille de 70cl.<\/p>","protected":false},"featured_media":66133,"template":"","meta":{"_acf_changed":false},"product_cat":[25246,29920,29991],"product_tag":[],"bundled_by":[],"bundle_stock_status":"instock","bundle_stock_quantity":null,"bundle_virtual":false,"bundle_layout":"","bundle_add_to_cart_form_location":"","bundle_editable_in_cart":false,"bundle_sold_individually_context":"","bundle_item_grouping":"","bundle_min_size":"","bundle_max_size":"","bundled_items":[],"acf":[],"_links":{"self":[{"href":"https:\/\/beta.alpscigar.com\/zh\/wp-json\/wp\/v2\/product\/66135"}],"collection":[{"href":"https:\/\/beta.alpscigar.com\/zh\/wp-json\/wp\/v2\/product"}],"about":[{"href":"https:\/\/beta.alpscigar.com\/zh\/wp-json\/wp\/v2\/types\/product"}],"wp:featuredmedia":[{"embeddable":true,"href":"https:\/\/beta.alpscigar.com\/zh\/wp-json\/wp\/v2\/media\/66133"}],"wp:attachment":[{"href":"https:\/\/beta.alpscigar.com\/zh\/wp-json\/wp\/v2\/media?parent=66135"}],"wp:term":[{"taxonomy":"product_cat","embeddable":true,"href":"https:\/\/beta.alpscigar.com\/zh\/wp-json\/wp\/v2\/product_cat?post=66135"},{"taxonomy":"product_tag","embeddable":true,"href":"https:\/\/beta.alpscigar.com\/zh\/wp-json\/wp\/v2\/product_tag?post=66135"}],"curies":[{"name":"wp","href":"https:\/\/api.w.org\/{rel}","templated":true}]}}