{"id":66301,"date":"2022-04-29T12:17:45","date_gmt":"2022-04-29T11:17:45","guid":{"rendered":"https:\/\/alpscigar.com\/?post_type=product&#038;p=66301"},"modified":"2023-08-31T14:18:39","modified_gmt":"2023-08-31T13:18:39","slug":"nub-cameroon-358-24","status":"publish","type":"product","link":"https:\/\/beta.alpscigar.com\/zh\/shop\/nicaraguan-cigars\/nub\/nub-cameroon-358-24\/","title":{"rendered":"Nub Cameroon 358 (24)"},"content":{"rendered":"<p>Les cigares NUb Cameroun 358 peuvent ressembler \u00e0 de courtes fum\u00e9es, mais ce que vous avez ici c&rsquo;est une vitole qui dure tout aussi longtemps que les grands cigares. Les capes Prime Cameroun et une tripe nicaraguayenne au go\u00fbt riche, en font une exp\u00e9rience de fumage de cigares tout \u00e0 fait unique. Commandez maintenant.<\/p>","protected":false},"excerpt":{"rendered":"<p>\u4e00\u76d2 24 \u652f\u3002<\/p>","protected":false},"featured_media":66300,"template":"","meta":{"_acf_changed":false},"product_cat":[29945,24791,24035],"product_tag":[],"bundled_by":[],"bundle_stock_status":"outofstock","bundle_stock_quantity":null,"bundle_virtual":false,"bundle_layout":"","bundle_add_to_cart_form_location":"","bundle_editable_in_cart":false,"bundle_sold_individually_context":"","bundle_item_grouping":"","bundle_min_size":"","bundle_max_size":"","bundled_items":[],"acf":[],"_links":{"self":[{"href":"https:\/\/beta.alpscigar.com\/zh\/wp-json\/wp\/v2\/product\/66301"}],"collection":[{"href":"https:\/\/beta.alpscigar.com\/zh\/wp-json\/wp\/v2\/product"}],"about":[{"href":"https:\/\/beta.alpscigar.com\/zh\/wp-json\/wp\/v2\/types\/product"}],"wp:featuredmedia":[{"embeddable":true,"href":"https:\/\/beta.alpscigar.com\/zh\/wp-json\/wp\/v2\/media\/66300"}],"wp:attachment":[{"href":"https:\/\/beta.alpscigar.com\/zh\/wp-json\/wp\/v2\/media?parent=66301"}],"wp:term":[{"taxonomy":"product_cat","embeddable":true,"href":"https:\/\/beta.alpscigar.com\/zh\/wp-json\/wp\/v2\/product_cat?post=66301"},{"taxonomy":"product_tag","embeddable":true,"href":"https:\/\/beta.alpscigar.com\/zh\/wp-json\/wp\/v2\/product_tag?post=66301"}],"curies":[{"name":"wp","href":"https:\/\/api.w.org\/{rel}","templated":true}]}}