{"id":66624,"date":"2022-04-29T15:13:59","date_gmt":"2022-04-29T14:13:59","guid":{"rendered":"https:\/\/alpscigar.com\/?post_type=product&#038;p=66624"},"modified":"2023-11-04T00:14:24","modified_gmt":"2023-11-03T23:14:24","slug":"oliva-serie-v-melanio-no-4-10","status":"publish","type":"product","link":"https:\/\/beta.alpscigar.com\/zh\/shop\/nicaraguan-cigars\/oliva\/oliva-serie-v\/oliva-serie-v-melanio\/oliva-serie-v-melanio-no-4-10\/","title":{"rendered":"Oliva S\u00e9rie V Melanio No. 4 (10)"},"content":{"rendered":"<p>La s\u00e9rie Oliva S\u00e9rie V Melanio No. 4 est produit en \u00e9dition strictement limit\u00e9e et n&rsquo;est vendu qu&rsquo;en petite quantit\u00e9. Le m\u00e9lange de tabac de graines de La Havane utilis\u00e9 pour la trip et la sous-cape est emball\u00e9 dans une cape d&rsquo;Equateur sp\u00e9cialement dessin\u00e9 pour ce cigare. La cape, conserv\u00e9e 5 ans, donne au cigare sa couleur brun chocolat et son aspect l\u00e9g\u00e8rement huileux. Le m\u00e9lange \u00e9quilibr\u00e9 entre le ligero fort, le tabac de graines de La Havane et la cape \u00e0 maturation longue, se traduit par un plaisir de fumer moyennement fort avec une structure aromatique complexe. Des ar\u00f4mes de terre, de cuir et de bois frais ravissent le palais habilement associ\u00e9s \u00e0 une l\u00e9g\u00e8re onctuosit\u00e9 et une pointe de chocolat et de caf\u00e9.<\/p>\n<p>L&rsquo;Oliva Series V Melanio Robusto a \u00e9t\u00e9 nomm\u00e9 meilleur cigare du Nicaragua 2013 avec le Cigar Journal Award.<\/p>","protected":false},"excerpt":{"rendered":"<p>\u6bcf\u76d2 10 \u652f\u96ea\u8304\u3002<\/p>","protected":false},"featured_media":66622,"template":"","meta":{"_acf_changed":false},"product_cat":[27428,27429,29593,24791,24035],"product_tag":[],"bundled_by":[],"bundle_stock_status":"outofstock","bundle_stock_quantity":0,"bundle_virtual":false,"bundle_layout":"","bundle_add_to_cart_form_location":"","bundle_editable_in_cart":false,"bundle_sold_individually_context":"","bundle_item_grouping":"","bundle_min_size":"","bundle_max_size":"","bundled_items":[],"acf":[],"_links":{"self":[{"href":"https:\/\/beta.alpscigar.com\/zh\/wp-json\/wp\/v2\/product\/66624"}],"collection":[{"href":"https:\/\/beta.alpscigar.com\/zh\/wp-json\/wp\/v2\/product"}],"about":[{"href":"https:\/\/beta.alpscigar.com\/zh\/wp-json\/wp\/v2\/types\/product"}],"wp:featuredmedia":[{"embeddable":true,"href":"https:\/\/beta.alpscigar.com\/zh\/wp-json\/wp\/v2\/media\/66622"}],"wp:attachment":[{"href":"https:\/\/beta.alpscigar.com\/zh\/wp-json\/wp\/v2\/media?parent=66624"}],"wp:term":[{"taxonomy":"product_cat","embeddable":true,"href":"https:\/\/beta.alpscigar.com\/zh\/wp-json\/wp\/v2\/product_cat?post=66624"},{"taxonomy":"product_tag","embeddable":true,"href":"https:\/\/beta.alpscigar.com\/zh\/wp-json\/wp\/v2\/product_tag?post=66624"}],"curies":[{"name":"wp","href":"https:\/\/api.w.org\/{rel}","templated":true}]}}