{"id":66658,"date":"2022-04-29T15:15:26","date_gmt":"2022-04-29T14:15:26","guid":{"rendered":"https:\/\/alpscigar.com\/?post_type=product&#038;p=66658"},"modified":"2023-11-02T11:04:18","modified_gmt":"2023-11-02T10:04:18","slug":"ox-purple-rain-12","status":"publish","type":"product","link":"https:\/\/beta.alpscigar.com\/zh\/shop\/nicaraguan-cigars\/ox\/ox-purple-rain-12\/","title":{"rendered":"OX Purple Rain (12)"},"content":{"rendered":"<p><strong>Le cigare OX Purple Rain<\/strong> nous surprend d\u00e8s le d\u00e9but par sa belle puissance. Pouvant paraitre cors\u00e9 par moment il est n\u00e9anmoins savoureux et riche en ar\u00f4mes. Un short offrant une belle palette aromatique durant tout son fumage de noix torr\u00e9fi\u00e9es et de notes de sous-bois aux senteurs fongiques.<\/p>\n<p><strong>LIGA\u00a0:<\/strong> Costa Rica, Nicaragua, Cuba.<\/p>\n<p><strong>Particularit\u00e9 :<\/strong> les cigares sont construits avec une perilla au pied pour fermer le cigare.<\/p>\n<p>\u6bcf\u76d2 12 \u652f\u3002<\/p>","protected":false},"excerpt":{"rendered":"<p>OX Purple Rain. Bo\u00eete de 12 cigares.<\/p>","protected":false},"featured_media":66654,"template":"","meta":{"_acf_changed":false},"product_cat":[29956,24791,24035],"product_tag":[],"bundled_by":[],"bundle_stock_status":"instock","bundle_stock_quantity":null,"bundle_virtual":false,"bundle_layout":"","bundle_add_to_cart_form_location":"","bundle_editable_in_cart":false,"bundle_sold_individually_context":"","bundle_item_grouping":"","bundle_min_size":"","bundle_max_size":"","bundled_items":[],"acf":[],"_links":{"self":[{"href":"https:\/\/beta.alpscigar.com\/zh\/wp-json\/wp\/v2\/product\/66658"}],"collection":[{"href":"https:\/\/beta.alpscigar.com\/zh\/wp-json\/wp\/v2\/product"}],"about":[{"href":"https:\/\/beta.alpscigar.com\/zh\/wp-json\/wp\/v2\/types\/product"}],"wp:featuredmedia":[{"embeddable":true,"href":"https:\/\/beta.alpscigar.com\/zh\/wp-json\/wp\/v2\/media\/66654"}],"wp:attachment":[{"href":"https:\/\/beta.alpscigar.com\/zh\/wp-json\/wp\/v2\/media?parent=66658"}],"wp:term":[{"taxonomy":"product_cat","embeddable":true,"href":"https:\/\/beta.alpscigar.com\/zh\/wp-json\/wp\/v2\/product_cat?post=66658"},{"taxonomy":"product_tag","embeddable":true,"href":"https:\/\/beta.alpscigar.com\/zh\/wp-json\/wp\/v2\/product_tag?post=66658"}],"curies":[{"name":"wp","href":"https:\/\/api.w.org\/{rel}","templated":true}]}}