{"id":66691,"date":"2022-04-29T15:20:14","date_gmt":"2022-04-29T14:20:14","guid":{"rendered":"https:\/\/alpscigar.com\/?post_type=product&#038;p=66691"},"modified":"2023-12-07T02:48:51","modified_gmt":"2023-12-07T01:48:51","slug":"paradiso-coloso-21","status":"publish","type":"product","link":"https:\/\/beta.alpscigar.com\/zh\/shop\/nicaraguan-cigars\/paradiso-paradiso\/paradiso-coloso-21\/","title":{"rendered":"Paradiso Coloso (21)"},"content":{"rendered":"<p>Le Paradiso Coloso est le plus grand et le plus gros module de la marque. Imposant tant \u00e0 l&rsquo;\u0153il que en main, il faudra deux heures au minimum pour le d\u00e9guster. Fid\u00e8le aux autres modules, la construction est irr\u00e9prochable. Beaucoup de fum\u00e9e lors du tirage. Le gros diam\u00e8tre est assez d\u00e9concertant pour les fumeurs n&rsquo;ayant pas l&rsquo;habitude. Le caf\u00e9 pr\u00e9sent en d\u00e9but de d\u00e9gustation \u00e9volue sur le cacao torr\u00e9fi\u00e9. La puissance n&rsquo;est pas vraiment envahissante mais s&rsquo;installe confortablement sur le final.<\/p>","protected":false},"excerpt":{"rendered":"<p>Bo\u00eete de 21 cigares.<\/p>","protected":false},"featured_media":66689,"template":"","meta":{"_acf_changed":false},"product_cat":[29966,24791,24638,24035],"product_tag":[],"bundled_by":[],"bundle_stock_status":"instock","bundle_stock_quantity":null,"bundle_virtual":false,"bundle_layout":"","bundle_add_to_cart_form_location":"","bundle_editable_in_cart":false,"bundle_sold_individually_context":"","bundle_item_grouping":"","bundle_min_size":"","bundle_max_size":"","bundled_items":[],"acf":[],"_links":{"self":[{"href":"https:\/\/beta.alpscigar.com\/zh\/wp-json\/wp\/v2\/product\/66691"}],"collection":[{"href":"https:\/\/beta.alpscigar.com\/zh\/wp-json\/wp\/v2\/product"}],"about":[{"href":"https:\/\/beta.alpscigar.com\/zh\/wp-json\/wp\/v2\/types\/product"}],"wp:featuredmedia":[{"embeddable":true,"href":"https:\/\/beta.alpscigar.com\/zh\/wp-json\/wp\/v2\/media\/66689"}],"wp:attachment":[{"href":"https:\/\/beta.alpscigar.com\/zh\/wp-json\/wp\/v2\/media?parent=66691"}],"wp:term":[{"taxonomy":"product_cat","embeddable":true,"href":"https:\/\/beta.alpscigar.com\/zh\/wp-json\/wp\/v2\/product_cat?post=66691"},{"taxonomy":"product_tag","embeddable":true,"href":"https:\/\/beta.alpscigar.com\/zh\/wp-json\/wp\/v2\/product_tag?post=66691"}],"curies":[{"name":"wp","href":"https:\/\/api.w.org\/{rel}","templated":true}]}}