{"id":66697,"date":"2022-04-29T15:20:20","date_gmt":"2022-04-29T14:20:20","guid":{"rendered":"https:\/\/alpscigar.com\/?post_type=product&#038;p=66697"},"modified":"2023-11-27T13:30:27","modified_gmt":"2023-11-27T12:30:27","slug":"paradiso-revelation-leviathan-24","status":"publish","type":"product","link":"https:\/\/beta.alpscigar.com\/zh\/shop\/nicaraguan-cigars\/paradiso-paradiso\/paradiso-revelation\/paradiso-revelation-leviathan-24\/","title":{"rendered":"Paradiso Revelation Leviathan (24)"},"content":{"rendered":"<p>Le Paradiso Revelation Leviathan est un tr\u00e8s gros robusto aux dimensions imposantes avec 165 mm de longueur avec un cepo de 64. Feuille de cape de type Sumatra \u00e9lev\u00e9e en Equateur associ\u00e9 \u00e0 un m\u00e9lange de tabacs de la vall\u00e9e d&rsquo;Esteli soigneusement vieillis. Ce magnifique cigare du Nicaragua \u00e0 la puissance moyenne d\u00e9veloppe de tr\u00e8s beaux ar\u00f4mes finement \u00e9pic\u00e9s avec des notes de cuir, de c\u00e8dre et de noix.<\/p>\n<p>La mise en route est tr\u00e8s facile et vu les dimensions du cigare, un gros volume de fum\u00e9e onctueuse est d\u00e9livr\u00e9. Le Paradison R\u00e9v\u00e9lation Leviathan s&rsquo;accompagnera \u00e0 merveille avec un rhum doux du style Matusalem Gran Reserva 15 ans.<\/p>","protected":false},"excerpt":{"rendered":"<p>\u4e00\u76d2 24 \u652f\u3002<\/p>","protected":false},"featured_media":66695,"template":"","meta":{"_acf_changed":false},"product_cat":[29966,29968,24791,24638,24035],"product_tag":[],"bundled_by":[],"bundle_stock_status":"instock","bundle_stock_quantity":null,"bundle_virtual":false,"bundle_layout":"","bundle_add_to_cart_form_location":"","bundle_editable_in_cart":false,"bundle_sold_individually_context":"","bundle_item_grouping":"","bundle_min_size":"","bundle_max_size":"","bundled_items":[],"acf":[],"_links":{"self":[{"href":"https:\/\/beta.alpscigar.com\/zh\/wp-json\/wp\/v2\/product\/66697"}],"collection":[{"href":"https:\/\/beta.alpscigar.com\/zh\/wp-json\/wp\/v2\/product"}],"about":[{"href":"https:\/\/beta.alpscigar.com\/zh\/wp-json\/wp\/v2\/types\/product"}],"wp:featuredmedia":[{"embeddable":true,"href":"https:\/\/beta.alpscigar.com\/zh\/wp-json\/wp\/v2\/media\/66695"}],"wp:attachment":[{"href":"https:\/\/beta.alpscigar.com\/zh\/wp-json\/wp\/v2\/media?parent=66697"}],"wp:term":[{"taxonomy":"product_cat","embeddable":true,"href":"https:\/\/beta.alpscigar.com\/zh\/wp-json\/wp\/v2\/product_cat?post=66697"},{"taxonomy":"product_tag","embeddable":true,"href":"https:\/\/beta.alpscigar.com\/zh\/wp-json\/wp\/v2\/product_tag?post=66697"}],"curies":[{"name":"wp","href":"https:\/\/api.w.org\/{rel}","templated":true}]}}