{"id":66870,"date":"2022-05-02T08:00:59","date_gmt":"2022-05-02T07:00:59","guid":{"rendered":"https:\/\/alpscigar.com\/?post_type=product&#038;p=66870"},"modified":"2023-11-27T10:31:05","modified_gmt":"2023-11-27T09:31:05","slug":"purotemp-hygrometre-numerique-rond","status":"publish","type":"product","link":"https:\/\/beta.alpscigar.com\/zh\/shop\/cigars-accessories\/humidificateurs\/purotemp-hygrometre-numerique-rond\/","title":{"rendered":"PuroTemp Hygrom\u00e8tre Num\u00e9rique Rond"},"content":{"rendered":"<p><strong>Hygrom\u00e8tres num\u00e9riques XIKAR PuroTemp \u2122<\/strong><\/p>\n<p>Les hygrom\u00e8tres XIKAR PuroTemp \u2122 ont \u00e9t\u00e9 repens\u00e9s pour garantir la pr\u00e9cision d\u00e8s la sortie de la bo\u00eete, sans avoir \u00e0 l&rsquo;\u00e9talonner.\u00a0Vous avez maintenant plus de temps pour profiter de vos cigares, sans vous en soucier ! Les hygrom\u00e8tres XIKAR sont fabriqu\u00e9s selon nos sp\u00e9cifications exactes pour une pr\u00e9cision \u00e0 long terme et un entretien minimal.\u00a0Ils affichent avec pr\u00e9cision l&rsquo;humidit\u00e9 relative et la temp\u00e9rature de votre cave.<\/p>\n<p><strong>Caract\u00e9ristiques de l&rsquo;hygrom\u00e8tre XIKAR PuroTemp \u2122:<\/strong><\/p>\n<ul>\n<li>Aucun \u00e9talonnage n\u00e9cessaire, pr\u00e9cision garantie de +\/- 2% HR d\u00e8s la sortie de la bo\u00eete<\/li>\n<li>Lire l&rsquo;humidit\u00e9 dans la plage de 20% \u00e0 95%<\/li>\n<li>Enregistrer la temp\u00e9rature en Fahrenheit et Celsius<\/li>\n<li>Plage de temp\u00e9rature: 32-120 \u00b0 F ou 0-50 \u00b0 C<\/li>\n<li>Pr\u00e9cision (temp\u00e9rature): +\/- 1 degr\u00e9<\/li>\n<li>Fixation magn\u00e9tique<\/li>\n<li><strong>Hygrom\u00e8tre num\u00e9rique rond:<\/strong>\n<ul>\n<li>Conception mise \u00e0 jour avec aluminium bross\u00e9 pour un look et une sensation plus modernes<\/li>\n<li>Mesure 1,85 \u00ab\u00a0L x 0,5\u00a0\u00bb P<\/li>\n<li>Taux de rafra\u00eechissement: 10 secondes<\/li>\n<li>Pile bouton: LR1130<\/li>\n<li>Dimensions 46 mm de diam\u00e8tre et 12 mm d&rsquo;\u00e9paisseur<\/li>\n<\/ul>\n<\/li>\n<\/ul>","protected":false},"excerpt":{"rendered":"<p>1 hygrom\u00e8tre num\u00e9rique rond.<\/p>","protected":false},"featured_media":66868,"template":"","meta":{"_acf_changed":false},"product_cat":[29862,16870],"product_tag":[],"bundled_by":[],"bundle_stock_status":"instock","bundle_stock_quantity":null,"bundle_virtual":false,"bundle_layout":"","bundle_add_to_cart_form_location":"","bundle_editable_in_cart":false,"bundle_sold_individually_context":"","bundle_item_grouping":"","bundle_min_size":"","bundle_max_size":"","bundled_items":[],"acf":[],"_links":{"self":[{"href":"https:\/\/beta.alpscigar.com\/zh\/wp-json\/wp\/v2\/product\/66870"}],"collection":[{"href":"https:\/\/beta.alpscigar.com\/zh\/wp-json\/wp\/v2\/product"}],"about":[{"href":"https:\/\/beta.alpscigar.com\/zh\/wp-json\/wp\/v2\/types\/product"}],"wp:featuredmedia":[{"embeddable":true,"href":"https:\/\/beta.alpscigar.com\/zh\/wp-json\/wp\/v2\/media\/66868"}],"wp:attachment":[{"href":"https:\/\/beta.alpscigar.com\/zh\/wp-json\/wp\/v2\/media?parent=66870"}],"wp:term":[{"taxonomy":"product_cat","embeddable":true,"href":"https:\/\/beta.alpscigar.com\/zh\/wp-json\/wp\/v2\/product_cat?post=66870"},{"taxonomy":"product_tag","embeddable":true,"href":"https:\/\/beta.alpscigar.com\/zh\/wp-json\/wp\/v2\/product_tag?post=66870"}],"curies":[{"name":"wp","href":"https:\/\/api.w.org\/{rel}","templated":true}]}}