{"id":66906,"date":"2022-05-02T08:07:08","date_gmt":"2022-05-02T07:07:08","guid":{"rendered":"https:\/\/alpscigar.com\/?post_type=product&#038;p=66906"},"modified":"2023-10-13T14:11:21","modified_gmt":"2023-10-13T13:11:21","slug":"davidoff-tabac-a-pipes-blue-mixture","status":"publish","type":"product","link":"https:\/\/beta.alpscigar.com\/zh\/shop\/tabacs-a-pipes\/davidoff-tabac-a-pipes\/davidoff-tabac-a-pipes-blue-mixture\/","title":{"rendered":"Davidoff tabac \u00e0 pipes Blue Mixture"},"content":{"rendered":"<p>Le Davidoff tabac \u00e0 pipes Blue Mixture est compos\u00e9 de Black Cavendish large, de Burley grill\u00e9 et de Virginia Cut Plug est extr\u00eamement fra\u00eeche dans la fum\u00e9e et vous offre un plaisir ultra frais. Il semble l\u00e9g\u00e8rement doux et agr\u00e9ablement atmosph\u00e9rique \u00e0 votre environnement.<\/p>","protected":false},"excerpt":{"rendered":"<p>1 bo\u00eete de tabac \u00e0 pipes Davidoff.<\/p>","protected":false},"featured_media":66904,"template":"","meta":{"_acf_changed":false},"product_cat":[29760,30017],"product_tag":[],"bundled_by":[],"bundle_stock_status":"instock","bundle_stock_quantity":null,"bundle_virtual":false,"bundle_layout":"","bundle_add_to_cart_form_location":"","bundle_editable_in_cart":false,"bundle_sold_individually_context":"","bundle_item_grouping":"","bundle_min_size":"","bundle_max_size":"","bundled_items":[],"acf":[],"_links":{"self":[{"href":"https:\/\/beta.alpscigar.com\/zh\/wp-json\/wp\/v2\/product\/66906"}],"collection":[{"href":"https:\/\/beta.alpscigar.com\/zh\/wp-json\/wp\/v2\/product"}],"about":[{"href":"https:\/\/beta.alpscigar.com\/zh\/wp-json\/wp\/v2\/types\/product"}],"wp:featuredmedia":[{"embeddable":true,"href":"https:\/\/beta.alpscigar.com\/zh\/wp-json\/wp\/v2\/media\/66904"}],"wp:attachment":[{"href":"https:\/\/beta.alpscigar.com\/zh\/wp-json\/wp\/v2\/media?parent=66906"}],"wp:term":[{"taxonomy":"product_cat","embeddable":true,"href":"https:\/\/beta.alpscigar.com\/zh\/wp-json\/wp\/v2\/product_cat?post=66906"},{"taxonomy":"product_tag","embeddable":true,"href":"https:\/\/beta.alpscigar.com\/zh\/wp-json\/wp\/v2\/product_tag?post=66906"}],"curies":[{"name":"wp","href":"https:\/\/api.w.org\/{rel}","templated":true}]}}