{"id":66917,"date":"2022-05-02T08:09:42","date_gmt":"2022-05-02T07:09:42","guid":{"rendered":"https:\/\/alpscigar.com\/?post_type=product&#038;p=66917"},"modified":"2025-05-29T14:37:15","modified_gmt":"2025-05-29T13:37:15","slug":"recife-etui-2-cigares-miami-vice-spritz-orange","status":"publish","type":"product","link":"https:\/\/beta.alpscigar.com\/zh\/shop\/cigars-accessories\/etuis-a-cigares\/recife-etuis-a-cigares\/recife-etui-2-cigares-miami-vice-spritz-orange\/","title":{"rendered":"R\u00e9cife \u00c9tui 2 cigares Miami Vice Spritz Orange"},"content":{"rendered":"<p class=\"p1\">Le R\u00e9cife \u00c9tui 2 cigares Miami Vice Spritz Orange est compos\u00e9 d&rsquo;un cuir verni \u00e0 l\u2019imprim\u00e9 l\u00e9zard et des couleurs \u00e9clatantes pour un chic impertinent.<\/p>\n<p><strong>Dimensions :<\/strong> 25 mm (63 Ring) longueur 125 mm<\/p>","protected":false},"excerpt":{"rendered":"<p>1 \u00e9tui en cuir pour 2 cigares.<\/p>","protected":false},"featured_media":66916,"template":"","meta":{"_acf_changed":false},"product_cat":[29812,29989,24638,16870],"product_tag":[],"bundled_by":[],"bundle_stock_status":"instock","bundle_stock_quantity":null,"bundle_virtual":false,"bundle_layout":"","bundle_add_to_cart_form_location":"","bundle_editable_in_cart":false,"bundle_sold_individually_context":"","bundle_item_grouping":"","bundle_min_size":"","bundle_max_size":"","bundled_items":[],"acf":[],"_links":{"self":[{"href":"https:\/\/beta.alpscigar.com\/zh\/wp-json\/wp\/v2\/product\/66917"}],"collection":[{"href":"https:\/\/beta.alpscigar.com\/zh\/wp-json\/wp\/v2\/product"}],"about":[{"href":"https:\/\/beta.alpscigar.com\/zh\/wp-json\/wp\/v2\/types\/product"}],"wp:featuredmedia":[{"embeddable":true,"href":"https:\/\/beta.alpscigar.com\/zh\/wp-json\/wp\/v2\/media\/66916"}],"wp:attachment":[{"href":"https:\/\/beta.alpscigar.com\/zh\/wp-json\/wp\/v2\/media?parent=66917"}],"wp:term":[{"taxonomy":"product_cat","embeddable":true,"href":"https:\/\/beta.alpscigar.com\/zh\/wp-json\/wp\/v2\/product_cat?post=66917"},{"taxonomy":"product_tag","embeddable":true,"href":"https:\/\/beta.alpscigar.com\/zh\/wp-json\/wp\/v2\/product_tag?post=66917"}],"curies":[{"name":"wp","href":"https:\/\/api.w.org\/{rel}","templated":true}]}}