{"id":66930,"date":"2022-05-02T08:09:56","date_gmt":"2022-05-02T07:09:56","guid":{"rendered":"https:\/\/alpscigar.com\/?post_type=product&#038;p=66930"},"modified":"2023-08-31T14:37:09","modified_gmt":"2023-08-31T13:37:09","slug":"davidoff-jet-flame-lignes-palladium","status":"publish","type":"product","link":"https:\/\/beta.alpscigar.com\/zh\/shop\/cigars-accessories\/lighters\/davidoff-briquets\/davidoff-jet-flame-lignes-palladium\/","title":{"rendered":"Davidoff Jet Flame Lignes Palladium"},"content":{"rendered":"<p>D\u00e9velopp\u00e9 en \u00e9troite collaboration avec le meilleur fabricant de briquets, le briquet <strong>Davidoff Jet Flame Lignes Palladium<\/strong>\u00a0r\u00e9pond aux besoins des amateurs de cigares modernes. Le briquet est l\u00e9ger, ergonomique et r\u00e9sistant au vent, c&rsquo;est l&rsquo;accessoire parfait pour les besoins quotidiens et un compagnon fid\u00e8le dans votre style de vie actif.<\/p>\n<p><strong>Flamme Torche :<\/strong> La forte flamme bleue du briquet <strong>Davidoff Jet Flame Lignes Palladium<\/strong>\u00a0vous permet d&rsquo;allumer vos cigares rapidement et selon vos besoins. La flamme est plus facile \u00e0 aligner et offre plus de contr\u00f4le lors de l&rsquo;allumage. La forte flamme r\u00e9siste au vent, ce qui facilite l&rsquo;allumage du briquet, m\u00eame \u00e0 l&rsquo;ext\u00e9rieur.<\/p>\n<p><strong>Le Davidoff Jet Flame Lignes Palladium<\/strong> est tr\u00e8s convivial gr\u00e2ce \u00e0 la grande g\u00e2chette sur le c\u00f4t\u00e9. Le syst\u00e8me de s\u00e9curit\u00e9 int\u00e9gr\u00e9 emp\u00eache que le briquet soit allum\u00e9 avec la flamme dirig\u00e9e vers le bas. Gr\u00e2ce \u00e0 la fen\u00eatre de visualisation, vous pouvez v\u00e9rifier le niveau de gaz \u00e0 tout moment.<\/p>","protected":false},"excerpt":{"rendered":"<p>1 Briquet flamme torche.<\/p>","protected":false},"featured_media":66929,"template":"","meta":{"_acf_changed":false},"product_cat":[29761,16870,21651],"product_tag":[],"bundled_by":[],"bundle_stock_status":"outofstock","bundle_stock_quantity":0,"bundle_virtual":false,"bundle_layout":"","bundle_add_to_cart_form_location":"","bundle_editable_in_cart":false,"bundle_sold_individually_context":"","bundle_item_grouping":"","bundle_min_size":"","bundle_max_size":"","bundled_items":[],"acf":[],"_links":{"self":[{"href":"https:\/\/beta.alpscigar.com\/zh\/wp-json\/wp\/v2\/product\/66930"}],"collection":[{"href":"https:\/\/beta.alpscigar.com\/zh\/wp-json\/wp\/v2\/product"}],"about":[{"href":"https:\/\/beta.alpscigar.com\/zh\/wp-json\/wp\/v2\/types\/product"}],"wp:featuredmedia":[{"embeddable":true,"href":"https:\/\/beta.alpscigar.com\/zh\/wp-json\/wp\/v2\/media\/66929"}],"wp:attachment":[{"href":"https:\/\/beta.alpscigar.com\/zh\/wp-json\/wp\/v2\/media?parent=66930"}],"wp:term":[{"taxonomy":"product_cat","embeddable":true,"href":"https:\/\/beta.alpscigar.com\/zh\/wp-json\/wp\/v2\/product_cat?post=66930"},{"taxonomy":"product_tag","embeddable":true,"href":"https:\/\/beta.alpscigar.com\/zh\/wp-json\/wp\/v2\/product_tag?post=66930"}],"curies":[{"name":"wp","href":"https:\/\/api.w.org\/{rel}","templated":true}]}}