{"id":66943,"date":"2022-05-02T08:10:12","date_gmt":"2022-05-02T07:10:12","guid":{"rendered":"https:\/\/alpscigar.com\/?post_type=product&#038;p=66943"},"modified":"2023-10-13T14:13:12","modified_gmt":"2023-10-13T13:13:12","slug":"davidoff-tabac-a-pipes-english-mixture","status":"publish","type":"product","link":"https:\/\/beta.alpscigar.com\/zh\/shop\/tabacs-a-pipes\/davidoff-tabac-a-pipes\/davidoff-tabac-a-pipes-english-mixture\/","title":{"rendered":"Davidoff tabac \u00e0 pipes English Mixture"},"content":{"rendered":"<p>Les tabacs \u00e0 pipe Davidoff comprennent des m\u00e9langes classiques traditionnels et des saveurs \u00e9l\u00e9gantes et invitantes. Une pipe remplie de tabac Davidoff remplit magnifiquement le temps. Chaque s\u00e9lection est organis\u00e9e pour le plaisir ultime et sophistiqu\u00e9. Un m\u00e9lange traditionnel anglais de coupe moyenne de Virginie, Burley et Latakia. Une touche de tabac aux \u00e9pices P\u00e9rique a \u00e9t\u00e9 ajout\u00e9e pour rehausser le bouquet. Un tabac \u00e0 pipe au go\u00fbt extr\u00eamement subtil et durable.<\/p>\n<p>Fabriqu\u00e9 au Danemark.<\/p>","protected":false},"excerpt":{"rendered":"<p>1 bo\u00eete de tabac \u00e0 pipes Davidoff.<\/p>","protected":false},"featured_media":66941,"template":"","meta":{"_acf_changed":false},"product_cat":[29760,30017],"product_tag":[],"bundled_by":[],"bundle_stock_status":"instock","bundle_stock_quantity":null,"bundle_virtual":false,"bundle_layout":"","bundle_add_to_cart_form_location":"","bundle_editable_in_cart":false,"bundle_sold_individually_context":"","bundle_item_grouping":"","bundle_min_size":"","bundle_max_size":"","bundled_items":[],"acf":[],"_links":{"self":[{"href":"https:\/\/beta.alpscigar.com\/zh\/wp-json\/wp\/v2\/product\/66943"}],"collection":[{"href":"https:\/\/beta.alpscigar.com\/zh\/wp-json\/wp\/v2\/product"}],"about":[{"href":"https:\/\/beta.alpscigar.com\/zh\/wp-json\/wp\/v2\/types\/product"}],"wp:featuredmedia":[{"embeddable":true,"href":"https:\/\/beta.alpscigar.com\/zh\/wp-json\/wp\/v2\/media\/66941"}],"wp:attachment":[{"href":"https:\/\/beta.alpscigar.com\/zh\/wp-json\/wp\/v2\/media?parent=66943"}],"wp:term":[{"taxonomy":"product_cat","embeddable":true,"href":"https:\/\/beta.alpscigar.com\/zh\/wp-json\/wp\/v2\/product_cat?post=66943"},{"taxonomy":"product_tag","embeddable":true,"href":"https:\/\/beta.alpscigar.com\/zh\/wp-json\/wp\/v2\/product_tag?post=66943"}],"curies":[{"name":"wp","href":"https:\/\/api.w.org\/{rel}","templated":true}]}}