{"id":66959,"date":"2022-05-02T08:10:51","date_gmt":"2022-05-02T07:10:51","guid":{"rendered":"https:\/\/alpscigar.com\/?post_type=product&#038;p=66959"},"modified":"2023-08-31T14:16:49","modified_gmt":"2023-08-31T13:16:49","slug":"quesada-reserva-privada-toro-grande-10","status":"publish","type":"product","link":"https:\/\/beta.alpscigar.com\/zh\/shop\/dominican-cigars\/quesada\/quesada-reserva-privada\/quesada-reserva-privada-toro-grande-10\/","title":{"rendered":"Quesada Reserva Privada Toro Grande (10)"},"content":{"rendered":"<p>Le Quesada Reserva Privada Toro Grande, un cigare imposant, s&rsquo;\u00e9tirant sur plus de 165 mm. L&#8217;embrassement se d\u00e9roule avec douceur, il ne faut pas brusquer un g\u00e9ant mais le r\u00e9veiller avec douceur. Une fois lanc\u00e9, les premi\u00e8res impressions sont bonnes. Comme pour les deux premiers de la fratrie, la puissance est douce et la fum\u00e9e l\u00e9g\u00e8re et riche. L&rsquo;\u00e9volution aromatique plus qu&rsquo;int\u00e9ressante surprend l&rsquo;aficionados. Les notes de miel s&rsquo;associent au c\u00e8dre pour former une complicit\u00e9 sans erreur.<\/p>\n<p>Malgr\u00e9 un temps de fumage de plus de 1h30, on en vient \u00e0 se br\u00fbler les doigts.<\/p>","protected":false},"excerpt":{"rendered":"<p>\u6bcf\u76d2 10 \u652f\u96ea\u8304\u3002<\/p>","protected":false},"featured_media":66958,"template":"","meta":{"_acf_changed":false},"product_cat":[29984,29985,24791,23555],"product_tag":[],"bundled_by":[],"bundle_stock_status":"outofstock","bundle_stock_quantity":null,"bundle_virtual":false,"bundle_layout":"","bundle_add_to_cart_form_location":"","bundle_editable_in_cart":false,"bundle_sold_individually_context":"","bundle_item_grouping":"","bundle_min_size":"","bundle_max_size":"","bundled_items":[],"acf":[],"_links":{"self":[{"href":"https:\/\/beta.alpscigar.com\/zh\/wp-json\/wp\/v2\/product\/66959"}],"collection":[{"href":"https:\/\/beta.alpscigar.com\/zh\/wp-json\/wp\/v2\/product"}],"about":[{"href":"https:\/\/beta.alpscigar.com\/zh\/wp-json\/wp\/v2\/types\/product"}],"wp:featuredmedia":[{"embeddable":true,"href":"https:\/\/beta.alpscigar.com\/zh\/wp-json\/wp\/v2\/media\/66958"}],"wp:attachment":[{"href":"https:\/\/beta.alpscigar.com\/zh\/wp-json\/wp\/v2\/media?parent=66959"}],"wp:term":[{"taxonomy":"product_cat","embeddable":true,"href":"https:\/\/beta.alpscigar.com\/zh\/wp-json\/wp\/v2\/product_cat?post=66959"},{"taxonomy":"product_tag","embeddable":true,"href":"https:\/\/beta.alpscigar.com\/zh\/wp-json\/wp\/v2\/product_tag?post=66959"}],"curies":[{"name":"wp","href":"https:\/\/api.w.org\/{rel}","templated":true}]}}