{"id":66967,"date":"2022-05-02T08:10:57","date_gmt":"2022-05-02T07:10:57","guid":{"rendered":"https:\/\/alpscigar.com\/?post_type=product&#038;p=66967"},"modified":"2025-05-29T14:12:36","modified_gmt":"2025-05-29T13:12:36","slug":"quorum-classic-torpedo-10","status":"publish","type":"product","link":"https:\/\/beta.alpscigar.com\/zh\/shop\/nicaraguan-cigars\/quorum\/quorum-classic-torpedo-10\/","title":{"rendered":"Quorum Classic Torpedo (10)"},"content":{"rendered":"<p>Le populaire Quorum Classic Torpedo est litt\u00e9ralement une bouch\u00e9e de bont\u00e9 cr\u00e9meuse exceptionnelle ! Ces fum\u00e9es doivent leur saveur exceptionnellement douce au go\u00fbt de noisette \u00e0 une cape \u00e9quatorienne Sungrown et \u00e0 une sous-cape et une tripe bien assaisonn\u00e9es du Nicaragua. Qu\u2019ils soient sur la route ou suspendus au salon, ces cigares incroyablement abordables et tr\u00e8s savoureux sont votre compagnon id\u00e9al. Vendu par lot de 10.<\/p>","protected":false},"excerpt":{"rendered":"<p>\u6bcf\u5305 10 \u652f\u96ea\u8304\u3002<\/p>","protected":false},"featured_media":66966,"template":"","meta":{"_acf_changed":false},"product_cat":[29987,24791,24638,21990,24035],"product_tag":[],"bundled_by":[],"bundle_stock_status":"instock","bundle_stock_quantity":null,"bundle_virtual":false,"bundle_layout":"","bundle_add_to_cart_form_location":"","bundle_editable_in_cart":false,"bundle_sold_individually_context":"","bundle_item_grouping":"","bundle_min_size":"","bundle_max_size":"","bundled_items":[],"acf":[],"_links":{"self":[{"href":"https:\/\/beta.alpscigar.com\/zh\/wp-json\/wp\/v2\/product\/66967"}],"collection":[{"href":"https:\/\/beta.alpscigar.com\/zh\/wp-json\/wp\/v2\/product"}],"about":[{"href":"https:\/\/beta.alpscigar.com\/zh\/wp-json\/wp\/v2\/types\/product"}],"wp:featuredmedia":[{"embeddable":true,"href":"https:\/\/beta.alpscigar.com\/zh\/wp-json\/wp\/v2\/media\/66966"}],"wp:attachment":[{"href":"https:\/\/beta.alpscigar.com\/zh\/wp-json\/wp\/v2\/media?parent=66967"}],"wp:term":[{"taxonomy":"product_cat","embeddable":true,"href":"https:\/\/beta.alpscigar.com\/zh\/wp-json\/wp\/v2\/product_cat?post=66967"},{"taxonomy":"product_tag","embeddable":true,"href":"https:\/\/beta.alpscigar.com\/zh\/wp-json\/wp\/v2\/product_tag?post=66967"}],"curies":[{"name":"wp","href":"https:\/\/api.w.org\/{rel}","templated":true}]}}