{"id":66973,"date":"2022-05-02T08:11:26","date_gmt":"2022-05-02T07:11:26","guid":{"rendered":"https:\/\/alpscigar.com\/?post_type=product&#038;p=66973"},"modified":"2023-11-06T11:05:52","modified_gmt":"2023-11-06T10:05:52","slug":"deux-freres-dry-gin","status":"publish","type":"product","link":"https:\/\/beta.alpscigar.com\/zh\/shop\/alcools\/gin\/deux-freres-dry-gin\/","title":{"rendered":"Deux Fr\u00e8res Dry Gin"},"content":{"rendered":"<p>Un Dry Gin suisse de haute qualit\u00e9 de la maison Deux Fr\u00e8res, distill\u00e9 en Autriche avec 24 plantes. La derni\u00e8re plante secr\u00e8te est ajout\u00e9e \u00e0 Zurich et contribue \u00e0 donner \u00e0 ce Dry Gin son ar\u00f4me typique. Ici dans une bouteille de 50cl.<\/p>\n<p>Le gin, qui est aujourd&rsquo;hui fabriqu\u00e9 dans la maison Deux Fr\u00e8res, \u00e9tait au d\u00e9but produit dans un petit laboratoire maison dans le centre de Zurich, distill\u00e9 avec 11 plantes en lot de seulement 2,5 litres. Apr\u00e8s un an et demi, le processus de distillation a \u00e9t\u00e9 transf\u00e9r\u00e9 \u00e0 Deux Fr\u00e8res au Tyrol. La recette a \u00e9t\u00e9 modifi\u00e9e pour contenir 25 plantes et comprend aujourd&rsquo;hui des baies de geni\u00e8vre biologiques, dont le nom latin Juniperus est le nom de cet alcool, ainsi que des zestes de citrons biologiques, des p\u00e9tales de rose, des fleurs de lavande et de l&rsquo;arnica. 24 des 25 plantes sont distill\u00e9es selon le standard London Dry, ce qui donne \u00e0 ce gin sa saveur et son piquant, tandis que la derni\u00e8re des 25 plantes est gard\u00e9e secr\u00e8te et est ajout\u00e9e dans le processus final de mac\u00e9ration \u2013 de retour \u00e0 Zurich. Gr\u00e2ce aux anthocyanines naturelles et photosensibles, le Dry Gin de Deux Fr\u00e8res peut passer du bleu au violet jusqu\u2019au rose selon le m\u00e9lange. Il est conditionn\u00e9 et \u00e9tiquet\u00e9 \u00e0 la main dans des flacons de pharmacie marron opaque, avant d&rsquo;\u00eatre exp\u00e9di\u00e9 dans le monde entier. Deux Fr\u00e8res b\u00e9n\u00e9ficie d\u2019environ 400 ans d&rsquo;exp\u00e9rience dans le processus de distillation d&rsquo;eau-de-vie de premi\u00e8re qualit\u00e9.<\/p>","protected":false},"excerpt":{"rendered":"<p>1 bouteille de 50cl.<\/p>","protected":false},"featured_media":66972,"template":"","meta":{"_acf_changed":false},"product_cat":[25246,29839],"product_tag":[],"bundled_by":[],"bundle_stock_status":"instock","bundle_stock_quantity":null,"bundle_virtual":false,"bundle_layout":"","bundle_add_to_cart_form_location":"","bundle_editable_in_cart":false,"bundle_sold_individually_context":"","bundle_item_grouping":"","bundle_min_size":"","bundle_max_size":"","bundled_items":[],"acf":[],"_links":{"self":[{"href":"https:\/\/beta.alpscigar.com\/zh\/wp-json\/wp\/v2\/product\/66973"}],"collection":[{"href":"https:\/\/beta.alpscigar.com\/zh\/wp-json\/wp\/v2\/product"}],"about":[{"href":"https:\/\/beta.alpscigar.com\/zh\/wp-json\/wp\/v2\/types\/product"}],"wp:featuredmedia":[{"embeddable":true,"href":"https:\/\/beta.alpscigar.com\/zh\/wp-json\/wp\/v2\/media\/66972"}],"wp:attachment":[{"href":"https:\/\/beta.alpscigar.com\/zh\/wp-json\/wp\/v2\/media?parent=66973"}],"wp:term":[{"taxonomy":"product_cat","embeddable":true,"href":"https:\/\/beta.alpscigar.com\/zh\/wp-json\/wp\/v2\/product_cat?post=66973"},{"taxonomy":"product_tag","embeddable":true,"href":"https:\/\/beta.alpscigar.com\/zh\/wp-json\/wp\/v2\/product_tag?post=66973"}],"curies":[{"name":"wp","href":"https:\/\/api.w.org\/{rel}","templated":true}]}}