{"id":67039,"date":"2022-05-02T08:21:45","date_gmt":"2022-05-02T07:21:45","guid":{"rendered":"https:\/\/alpscigar.com\/?post_type=product&#038;p=67039"},"modified":"2023-08-31T14:41:20","modified_gmt":"2023-08-31T13:41:20","slug":"rhum-bielle-small-batch-2001","status":"publish","type":"product","link":"https:\/\/beta.alpscigar.com\/zh\/shop\/alcools\/rhum\/rhum-bielle\/rhum-bielle-small-batch-2001\/","title":{"rendered":"Rhum Bielle Small Batch 2001"},"content":{"rendered":"<p>Marie Galante, l\u2019\u00eele aux 100 moulins, a toujours \u00e9t\u00e9 l\u2019\u00eele de la Canne \u00e0 Sucre. C\u2019est \u00e0 la fin du XIX\u00e8me si\u00e8cle que la Distillerie BIELLE a \u00e9t\u00e9 fond\u00e9e. Elle a su \u00e9voluer au fur et \u00e0 mesure de ses propri\u00e9taires successifs. La fabrication du sucre, devenue obsol\u00e8te dans les petites \u00ab\u00a0sucrottes\u00a0\u00bb, a laiss\u00e9 sa place aux distilleries de rhum agricole.<\/p>\n<p>La Distillerie BIELLE perp\u00e9tue une vieille tradition de fabrication de rhum agricole (Rhum Bielle) au pur jus de canne.<\/p>\n<p>Le Small Batch 2001 est donc un rhum agricole chaleureux, aux ar\u00f4mes intenses. Ce rhum est constitu\u00e9 d&rsquo;un assemblage de huit f\u00fbts \u00e2g\u00e9s de 14 ans.<\/p>\n<p>NOTES DE D\u00c9GUSTATION:<\/p>\n<p><strong>Couleur :<\/strong> cuivr\u00e9e.<br \/>\n<strong>Nez :<\/strong> chaleureux et complexe, il se d\u00e9cline en de nombreuses nuances \u00e9pic\u00e9es, florales et fruit\u00e9es.<br \/>\n<strong>Bouche\u00a0:<\/strong> fra\u00eeche, construite sur des ar\u00f4mes de r\u00e9glisse et de fruits m\u00fbrs.<br \/>\n<strong>Finale\u00a0:<\/strong> longue et confitur\u00e9e.<\/p>","protected":false},"excerpt":{"rendered":"<p>1 bouteille de 70cl.<\/p>","protected":false},"featured_media":67038,"template":"","meta":{"_acf_changed":false},"product_cat":[25246,29991,29992],"product_tag":[],"bundled_by":[],"bundle_stock_status":"outofstock","bundle_stock_quantity":0,"bundle_virtual":false,"bundle_layout":"","bundle_add_to_cart_form_location":"","bundle_editable_in_cart":false,"bundle_sold_individually_context":"","bundle_item_grouping":"","bundle_min_size":"","bundle_max_size":"","bundled_items":[],"acf":[],"_links":{"self":[{"href":"https:\/\/beta.alpscigar.com\/zh\/wp-json\/wp\/v2\/product\/67039"}],"collection":[{"href":"https:\/\/beta.alpscigar.com\/zh\/wp-json\/wp\/v2\/product"}],"about":[{"href":"https:\/\/beta.alpscigar.com\/zh\/wp-json\/wp\/v2\/types\/product"}],"wp:featuredmedia":[{"embeddable":true,"href":"https:\/\/beta.alpscigar.com\/zh\/wp-json\/wp\/v2\/media\/67038"}],"wp:attachment":[{"href":"https:\/\/beta.alpscigar.com\/zh\/wp-json\/wp\/v2\/media?parent=67039"}],"wp:term":[{"taxonomy":"product_cat","embeddable":true,"href":"https:\/\/beta.alpscigar.com\/zh\/wp-json\/wp\/v2\/product_cat?post=67039"},{"taxonomy":"product_tag","embeddable":true,"href":"https:\/\/beta.alpscigar.com\/zh\/wp-json\/wp\/v2\/product_tag?post=67039"}],"curies":[{"name":"wp","href":"https:\/\/api.w.org\/{rel}","templated":true}]}}