{"id":67041,"date":"2022-05-02T08:21:48","date_gmt":"2022-05-02T07:21:48","guid":{"rendered":"https:\/\/alpscigar.com\/?post_type=product&#038;p=67041"},"modified":"2023-08-31T14:41:46","modified_gmt":"2023-08-31T13:41:46","slug":"quesada-reserva-privada-oscuro-robusto-10","status":"publish","type":"product","link":"https:\/\/beta.alpscigar.com\/zh\/shop\/dominican-cigars\/quesada\/quesada-reserva-privada-oscuro\/quesada-reserva-privada-oscuro-robusto-10\/","title":{"rendered":"Quesada Reserva Privada Oscuro Robusto (10)"},"content":{"rendered":"<p>Ce module tr\u00e8s classique pr\u00e9sente un diam\u00e8tre l\u00e9g\u00e8rement revu \u00e0 la hausse. Le Quesada Reserva Privada Oscuro Robusto au ring 52 donne envie de l&rsquo;allumer avec empressement mais l&rsquo;allumage n\u00e9cessite plus de temps que la gamme classique, la cape \u00e9tant plus \u00e9paisse et grasse, il ne faut pas le violenter.<\/p>\n<p>Les volutes ont du corps mais moins de puissance que ce que sa couleur laisse \u00e0 penser. Le bois\u00e9 domine la d\u00e9gustation du premier tiers, laissant place \u00e0 des touches de cacao et de malte. La puissance s&rsquo;installe sur le dernier tiers et <strong>donne un tr\u00e8s bon sentiment de sati\u00e9t\u00e9.<\/strong><\/p>","protected":false},"excerpt":{"rendered":"<p>\u6bcf\u76d2 10 \u652f\u96ea\u8304\u3002<\/p>","protected":false},"featured_media":67040,"template":"","meta":{"_acf_changed":false},"product_cat":[29984,29986,24791,23555],"product_tag":[],"bundled_by":[],"bundle_stock_status":"outofstock","bundle_stock_quantity":null,"bundle_virtual":false,"bundle_layout":"","bundle_add_to_cart_form_location":"","bundle_editable_in_cart":false,"bundle_sold_individually_context":"","bundle_item_grouping":"","bundle_min_size":"","bundle_max_size":"","bundled_items":[],"acf":[],"_links":{"self":[{"href":"https:\/\/beta.alpscigar.com\/zh\/wp-json\/wp\/v2\/product\/67041"}],"collection":[{"href":"https:\/\/beta.alpscigar.com\/zh\/wp-json\/wp\/v2\/product"}],"about":[{"href":"https:\/\/beta.alpscigar.com\/zh\/wp-json\/wp\/v2\/types\/product"}],"wp:featuredmedia":[{"embeddable":true,"href":"https:\/\/beta.alpscigar.com\/zh\/wp-json\/wp\/v2\/media\/67040"}],"wp:attachment":[{"href":"https:\/\/beta.alpscigar.com\/zh\/wp-json\/wp\/v2\/media?parent=67041"}],"wp:term":[{"taxonomy":"product_cat","embeddable":true,"href":"https:\/\/beta.alpscigar.com\/zh\/wp-json\/wp\/v2\/product_cat?post=67041"},{"taxonomy":"product_tag","embeddable":true,"href":"https:\/\/beta.alpscigar.com\/zh\/wp-json\/wp\/v2\/product_tag?post=67041"}],"curies":[{"name":"wp","href":"https:\/\/api.w.org\/{rel}","templated":true}]}}