{"id":67205,"date":"2022-05-02T08:45:16","date_gmt":"2022-05-02T07:45:16","guid":{"rendered":"https:\/\/alpscigar.com\/?post_type=product&#038;p=67205"},"modified":"2023-11-06T11:08:47","modified_gmt":"2023-11-06T10:08:47","slug":"ron-zacapa-xo-solera-reserva-especial","status":"publish","type":"product","link":"https:\/\/beta.alpscigar.com\/zh\/shop\/alcools\/rhum\/ron-zacapa\/ron-zacapa-xo-solera-reserva-especial\/","title":{"rendered":"Ron Zacapa XO Solera Reserva Especial"},"content":{"rendered":"<p>Voici la pr\u00e9cieuse carafe Ron Zacapa XO Solera Reserva Especial, surnomm\u00e9e \u00ab\u00a0Cognac des rhums\u00a0\u00bb, et de surcro\u00eet, joyau de cette marque. Son \u00e9laboration \u00e0 partir de jus de canne \u00e0 sucre souligne la singularit\u00e9 d&rsquo;un profil qui oscille harmonieusement entre douceur, \u00e9pices et fruits. La gourmandise des notes de chocolat noir se pare d&rsquo;intenses parfums de cerise, ainsi que d&rsquo;effluves de fruits secs et d&rsquo;\u00e9pices chaleureusement pr\u00e9sentes.<\/p>\n<p>Nous appr\u00e9cions tout particuli\u00e8rement cette carafe-bijou qui \u00e9voque le travail d&rsquo;un artisan-joaillier&#8230; Cette \u00ab\u00a0goutte\u00a0\u00bb g\u00e9n\u00e9reuse surmont\u00e9e de son bouchonnage \u00e9l\u00e9gamment dor\u00e9 laisse d\u00e9j\u00e0 percevoir la pl\u00e9nitude de ce spiritueux raffin\u00e9. L&rsquo;\u00e9crin de ce rhum est \u00e0 la hauteur de ses parfums, doux et r\u00e9solument fruit\u00e9s.<\/p>\n<p><span style=\"color: #333333;font-size: 14.4px\">NOTE DE D\u00c9GUSTATION<\/span><\/p>\n<p><strong>Robe : <\/strong>La robe du Zacapa XO est d&rsquo;une teinte acajou fonc\u00e9. De pr\u00e9cieux reflets rouges taquinent l\u2019\u0153il.<strong><br \/>\nNez : <\/strong>Au nez, puissance, richesse et raffinement pourraient d\u00e9finir ce XO : parfums de cacao chaud d\u00e9licieusement accompagn\u00e9s par la pr\u00e9sence des fruits arriv\u00e9s \u00e0 pleine maturit\u00e9. Des senteurs chaleureuses et r\u00e9confortantes ponctu\u00e9es par une touche l\u00e9g\u00e8rement am\u00e8re.<br \/>\n<strong>Bouche : <\/strong>La d\u00e9gustation r\u00e9v\u00e8le pleinement le caract\u00e8re de ce Ron. Suavit\u00e9 et ampleur le d\u00e9peignent \u00e0 merveille : les \u00e9pices virevoltent et se marient habilement au chocolat. Les saveurs d&rsquo;amande se m\u00ealent \u00e0 celles de vanille dans une longueur tr\u00e8s appr\u00e9ciable.<br \/>\n<strong>Finale : <\/strong><\/p>","protected":false},"excerpt":{"rendered":"<p>1 bouteille de 70cl.<\/p>","protected":false},"featured_media":67203,"template":"","meta":{"_acf_changed":false},"product_cat":[25246,29991,29996],"product_tag":[],"bundled_by":[],"bundle_stock_status":"instock","bundle_stock_quantity":null,"bundle_virtual":false,"bundle_layout":"","bundle_add_to_cart_form_location":"","bundle_editable_in_cart":false,"bundle_sold_individually_context":"","bundle_item_grouping":"","bundle_min_size":"","bundle_max_size":"","bundled_items":[],"acf":[],"_links":{"self":[{"href":"https:\/\/beta.alpscigar.com\/zh\/wp-json\/wp\/v2\/product\/67205"}],"collection":[{"href":"https:\/\/beta.alpscigar.com\/zh\/wp-json\/wp\/v2\/product"}],"about":[{"href":"https:\/\/beta.alpscigar.com\/zh\/wp-json\/wp\/v2\/types\/product"}],"wp:featuredmedia":[{"embeddable":true,"href":"https:\/\/beta.alpscigar.com\/zh\/wp-json\/wp\/v2\/media\/67203"}],"wp:attachment":[{"href":"https:\/\/beta.alpscigar.com\/zh\/wp-json\/wp\/v2\/media?parent=67205"}],"wp:term":[{"taxonomy":"product_cat","embeddable":true,"href":"https:\/\/beta.alpscigar.com\/zh\/wp-json\/wp\/v2\/product_cat?post=67205"},{"taxonomy":"product_tag","embeddable":true,"href":"https:\/\/beta.alpscigar.com\/zh\/wp-json\/wp\/v2\/product_tag?post=67205"}],"curies":[{"name":"wp","href":"https:\/\/api.w.org\/{rel}","templated":true}]}}