{"id":67280,"date":"2022-05-02T08:56:23","date_gmt":"2022-05-02T07:56:23","guid":{"rendered":"https:\/\/alpscigar.com\/?post_type=product&#038;p=67280"},"modified":"2025-05-29T14:43:12","modified_gmt":"2025-05-29T13:43:12","slug":"torin-single-punch-alu","status":"publish","type":"product","link":"https:\/\/beta.alpscigar.com\/zh\/shop\/cigars-accessories\/coupe-cigares\/torin\/torin-single-punch-alu\/","title":{"rendered":"Torin Single Punch Alu"},"content":{"rendered":"<p>Le <strong>Torin Single Punch Alu<\/strong> est le r\u00e9sultat d&rsquo;innombrables tentatives pour produire une perforatrice qui perce proprement le cigare sans endommager la cape. Avec la boucle il peut \u00eatre attach\u00e9 \u00e0 un porte-cl\u00e9s et est donc toujours \u00e0 port\u00e9e de main.<\/p>\n<p>La lame est en acier inoxydable durci 60-64 Rockwell et la technique de meulage sp\u00e9ciale cr\u00e9e une fosse ultime qui perce le cigare avec une facilit\u00e9 que vous n&rsquo;avez jamais connue auparavant. Le corps en aluminium l\u00e9ger et la lame de 10 mm de diam\u00e8tre font du <strong>Torin Single Punch Alu<\/strong> le compagnon id\u00e9al des amateurs de cigares.<\/p>\n<p>100% fabriqu\u00e9 en Suisse.<\/p>","protected":false},"excerpt":{"rendered":"<p>1 coupe-cigare emporte pi\u00e8ce.<\/p>","protected":false},"featured_media":67277,"template":"","meta":{"_acf_changed":false},"product_cat":[29754,30027,16870],"product_tag":[],"bundled_by":[],"bundle_stock_status":"instock","bundle_stock_quantity":null,"bundle_virtual":false,"bundle_layout":"","bundle_add_to_cart_form_location":"","bundle_editable_in_cart":false,"bundle_sold_individually_context":"","bundle_item_grouping":"","bundle_min_size":"","bundle_max_size":"","bundled_items":[],"acf":[],"_links":{"self":[{"href":"https:\/\/beta.alpscigar.com\/zh\/wp-json\/wp\/v2\/product\/67280"}],"collection":[{"href":"https:\/\/beta.alpscigar.com\/zh\/wp-json\/wp\/v2\/product"}],"about":[{"href":"https:\/\/beta.alpscigar.com\/zh\/wp-json\/wp\/v2\/types\/product"}],"wp:featuredmedia":[{"embeddable":true,"href":"https:\/\/beta.alpscigar.com\/zh\/wp-json\/wp\/v2\/media\/67277"}],"wp:attachment":[{"href":"https:\/\/beta.alpscigar.com\/zh\/wp-json\/wp\/v2\/media?parent=67280"}],"wp:term":[{"taxonomy":"product_cat","embeddable":true,"href":"https:\/\/beta.alpscigar.com\/zh\/wp-json\/wp\/v2\/product_cat?post=67280"},{"taxonomy":"product_tag","embeddable":true,"href":"https:\/\/beta.alpscigar.com\/zh\/wp-json\/wp\/v2\/product_tag?post=67280"}],"curies":[{"name":"wp","href":"https:\/\/api.w.org\/{rel}","templated":true}]}}