{"id":67330,"date":"2022-05-02T08:58:36","date_gmt":"2022-05-02T07:58:36","guid":{"rendered":"https:\/\/alpscigar.com\/?post_type=product&#038;p=67330"},"modified":"2023-11-27T13:28:14","modified_gmt":"2023-11-27T12:28:14","slug":"skull-77-el-diablo-15","status":"publish","type":"product","link":"https:\/\/beta.alpscigar.com\/zh\/shop\/\u54e5\u65af\u8fbe\u9ece\u52a0\u96ea\u8304\/skull-77\/skull-77-el-diablo-15\/","title":{"rendered":"Skull 77 El Diablo (15)"},"content":{"rendered":"<p>Le Skull 77 El Diablo impressionne, non seulement par sa carrure de grand costaud, mais aussi par sa bague \u00ab\u00a0t\u00eate de mort\u00a0\u00bb aux cornes rouges ! Pourquoi \u00ab\u00a0El diablo\u00a0\u00bb ? Tout simplement parce qu&rsquo;il est dot\u00e9 d&rsquo;un ring 66 et qu&rsquo;il mesure 6 pouces, ce qui lui donne ce chiffre 666, fameux nombre de la B\u00eate !<\/p>\n<p>De construction irr\u00e9prochable, sa cape maduro est parfaitement lisse et \u00e9tir\u00e9e. Apr\u00e8s un allumage facile, la fum\u00e9e g\u00e9n\u00e9reuse nous transporte avec ses ar\u00f4mes d&rsquo;\u00e9pices et de terre. La puissance s&rsquo;installe rapidement, le tirage est bon et r\u00e9gulier. Le troisi\u00e8me tiers est rassasiant et soutenu par des touches de fruits rouges. Un cigare \u00e0 dompter apr\u00e8s un bon repas.<\/p>","protected":false},"excerpt":{"rendered":"<p>Bo\u00eete de 15 cigares.<\/p>","protected":false},"featured_media":67328,"template":"","meta":{"_acf_changed":false},"product_cat":[29735,30012,24791,21990],"product_tag":[],"bundled_by":[],"bundle_stock_status":"instock","bundle_stock_quantity":null,"bundle_virtual":false,"bundle_layout":"","bundle_add_to_cart_form_location":"","bundle_editable_in_cart":false,"bundle_sold_individually_context":"","bundle_item_grouping":"","bundle_min_size":"","bundle_max_size":"","bundled_items":[],"acf":[],"_links":{"self":[{"href":"https:\/\/beta.alpscigar.com\/zh\/wp-json\/wp\/v2\/product\/67330"}],"collection":[{"href":"https:\/\/beta.alpscigar.com\/zh\/wp-json\/wp\/v2\/product"}],"about":[{"href":"https:\/\/beta.alpscigar.com\/zh\/wp-json\/wp\/v2\/types\/product"}],"wp:featuredmedia":[{"embeddable":true,"href":"https:\/\/beta.alpscigar.com\/zh\/wp-json\/wp\/v2\/media\/67328"}],"wp:attachment":[{"href":"https:\/\/beta.alpscigar.com\/zh\/wp-json\/wp\/v2\/media?parent=67330"}],"wp:term":[{"taxonomy":"product_cat","embeddable":true,"href":"https:\/\/beta.alpscigar.com\/zh\/wp-json\/wp\/v2\/product_cat?post=67330"},{"taxonomy":"product_tag","embeddable":true,"href":"https:\/\/beta.alpscigar.com\/zh\/wp-json\/wp\/v2\/product_tag?post=67330"}],"curies":[{"name":"wp","href":"https:\/\/api.w.org\/{rel}","templated":true}]}}