{"id":67368,"date":"2022-05-02T08:59:48","date_gmt":"2022-05-02T07:59:48","guid":{"rendered":"https:\/\/alpscigar.com\/?post_type=product&#038;p=67368"},"modified":"2023-11-06T19:30:03","modified_gmt":"2023-11-06T18:30:03","slug":"skull-77-el-unico-15","status":"publish","type":"product","link":"https:\/\/beta.alpscigar.com\/zh\/shop\/\u54e5\u65af\u8fbe\u9ece\u52a0\u96ea\u8304\/skull-77\/skull-77-el-unico-15\/","title":{"rendered":"Skull 77 El Unico (15)"},"content":{"rendered":"<p class=\"p1\"><strong>Le Skull 77 El Unico<\/strong> est un beau gordo qui pr\u00e9sente bien avec sa belle cape maduro tendue et grasse, et qui nous s\u00e9duit par sa bague originale \u00ab t\u00eate de mort, cigare au bec \u00bb ! Apr\u00e8s un allumage facile, se d\u00e9gage rapidement un volume important de fum\u00e9e et qui apporte une belle longueur en bouche. Les ar\u00f4mes sont plut\u00f4t terreux et \u00e9pic\u00e9s, avec une dominance de poivre noir. Quelques touches chocolat\u00e9es nous accompagnent sur le troisi\u00e8me tiers. Un cigare qui se d\u00e9guste plut\u00f4t en fin de journ\u00e9e ou \u00e0 l\u2019ap\u00e9ritif.<\/p>","protected":false},"excerpt":{"rendered":"<p><span>Bo\u00eete de 15 cigares.<\/span><\/p>","protected":false},"featured_media":67364,"template":"","meta":{"_acf_changed":false},"product_cat":[29735,30012,24791],"product_tag":[],"bundled_by":[],"bundle_stock_status":"outofstock","bundle_stock_quantity":0,"bundle_virtual":false,"bundle_layout":"","bundle_add_to_cart_form_location":"","bundle_editable_in_cart":false,"bundle_sold_individually_context":"","bundle_item_grouping":"","bundle_min_size":"","bundle_max_size":"","bundled_items":[],"acf":[],"_links":{"self":[{"href":"https:\/\/beta.alpscigar.com\/zh\/wp-json\/wp\/v2\/product\/67368"}],"collection":[{"href":"https:\/\/beta.alpscigar.com\/zh\/wp-json\/wp\/v2\/product"}],"about":[{"href":"https:\/\/beta.alpscigar.com\/zh\/wp-json\/wp\/v2\/types\/product"}],"wp:featuredmedia":[{"embeddable":true,"href":"https:\/\/beta.alpscigar.com\/zh\/wp-json\/wp\/v2\/media\/67364"}],"wp:attachment":[{"href":"https:\/\/beta.alpscigar.com\/zh\/wp-json\/wp\/v2\/media?parent=67368"}],"wp:term":[{"taxonomy":"product_cat","embeddable":true,"href":"https:\/\/beta.alpscigar.com\/zh\/wp-json\/wp\/v2\/product_cat?post=67368"},{"taxonomy":"product_tag","embeddable":true,"href":"https:\/\/beta.alpscigar.com\/zh\/wp-json\/wp\/v2\/product_tag?post=67368"}],"curies":[{"name":"wp","href":"https:\/\/api.w.org\/{rel}","templated":true}]}}