{"id":67397,"date":"2022-05-02T09:01:26","date_gmt":"2022-05-02T08:01:26","guid":{"rendered":"https:\/\/alpscigar.com\/?post_type=product&#038;p=67397"},"modified":"2023-08-31T14:38:09","modified_gmt":"2023-08-31T13:38:09","slug":"tatuaje-gran-cojonu-12","status":"publish","type":"product","link":"https:\/\/beta.alpscigar.com\/zh\/shop\/nicaraguan-cigars\/tatuaje\/tatuaje-gran-cojonu-12\/","title":{"rendered":"Tatuaje Gran Cojonu (12)"},"content":{"rendered":"<p>Pete Johnson a cr\u00e9\u00e9 un cigare imposant avec ce Tatuaje Gran Cojonu avec des dimensions de 165 mm et un diam\u00e8tre de 23.62 mm, le tout habill\u00e9 dans une magnifique cape maduro d&rsquo;origine \u00ab\u00a0Equateur\u00a0\u00bb. Le cigare est pr\u00e9sent\u00e9 en bo\u00eete de 12 pi\u00e8ces et est confectionn\u00e9 \u00e0 Esteli par Don Jos\u00e9 Pepin Garcia.<br \/>\nLa mise en route est facile, belle cendre blanche (signe d&rsquo;une bonne fermentation du tabac !) et les ar\u00f4mes de poivre et de cacao \u00e9voluent sur un tempo bien soutenu sans \u00eatre trop puissant. Il faut pr\u00e9voir un peu de temps pour le d\u00e9guster&#8230;<\/p>","protected":false},"excerpt":{"rendered":"<p>\u6bcf\u76d2 12 \u652f\u3002<\/p>","protected":false},"featured_media":67396,"template":"","meta":{"_acf_changed":false},"product_cat":[30018,24791,24035],"product_tag":[],"bundled_by":[],"bundle_stock_status":"outofstock","bundle_stock_quantity":null,"bundle_virtual":false,"bundle_layout":"","bundle_add_to_cart_form_location":"","bundle_editable_in_cart":false,"bundle_sold_individually_context":"","bundle_item_grouping":"","bundle_min_size":"","bundle_max_size":"","bundled_items":[],"acf":[],"_links":{"self":[{"href":"https:\/\/beta.alpscigar.com\/zh\/wp-json\/wp\/v2\/product\/67397"}],"collection":[{"href":"https:\/\/beta.alpscigar.com\/zh\/wp-json\/wp\/v2\/product"}],"about":[{"href":"https:\/\/beta.alpscigar.com\/zh\/wp-json\/wp\/v2\/types\/product"}],"wp:featuredmedia":[{"embeddable":true,"href":"https:\/\/beta.alpscigar.com\/zh\/wp-json\/wp\/v2\/media\/67396"}],"wp:attachment":[{"href":"https:\/\/beta.alpscigar.com\/zh\/wp-json\/wp\/v2\/media?parent=67397"}],"wp:term":[{"taxonomy":"product_cat","embeddable":true,"href":"https:\/\/beta.alpscigar.com\/zh\/wp-json\/wp\/v2\/product_cat?post=67397"},{"taxonomy":"product_tag","embeddable":true,"href":"https:\/\/beta.alpscigar.com\/zh\/wp-json\/wp\/v2\/product_tag?post=67397"}],"curies":[{"name":"wp","href":"https:\/\/api.w.org\/{rel}","templated":true}]}}