{"id":67399,"date":"2022-05-02T09:01:45","date_gmt":"2022-05-02T08:01:45","guid":{"rendered":"https:\/\/alpscigar.com\/?post_type=product&#038;p=67399"},"modified":"2023-08-31T14:38:16","modified_gmt":"2023-08-31T13:38:16","slug":"tatuaje-cojonu-2003-25","status":"publish","type":"product","link":"https:\/\/beta.alpscigar.com\/zh\/shop\/nicaraguan-cigars\/tatuaje\/tatuaje-cojonu-2003-25\/","title":{"rendered":"Tatuaje Cojonu 2003 (25)"},"content":{"rendered":"<p>Le Tatuaje Cojonu 2003 est un module Gran Toro d&rsquo;une longueur de 165 mm avec un cepo de 52. Feuille de cape, sous-cape et tripe en provenance d&rsquo;Esteli au Nicaragua. <strong>Pour info l&rsquo;ann\u00e9e 2003 r\u00e9f\u00e8re \u00e0 l&rsquo;ann\u00e9e de cr\u00e9ation du cigare<\/strong> et non l&rsquo;ann\u00e9e de roulage !<\/p>\n<p>Drap\u00e9 dans une magnifique feuille de cape maduro oscuro bien grasse, le cigare d\u00e9livre imm\u00e9diatement des notes d&rsquo;\u00e9pices (poivre), de cuir et de chocolat et propose \u00e9galement un registre terreux gros volume de fum\u00e9e cr\u00e9meuse pour ce cigare gourmand et rassasiant \u00e0 la puissance bien marqu\u00e9e.<\/p>","protected":false},"excerpt":{"rendered":"<p>\u6bcf\u76d2 25 \u652f\u3002<\/p>","protected":false},"featured_media":67398,"template":"","meta":{"_acf_changed":false},"product_cat":[30018,24791,24035],"product_tag":[],"bundled_by":[],"bundle_stock_status":"outofstock","bundle_stock_quantity":null,"bundle_virtual":false,"bundle_layout":"","bundle_add_to_cart_form_location":"","bundle_editable_in_cart":false,"bundle_sold_individually_context":"","bundle_item_grouping":"","bundle_min_size":"","bundle_max_size":"","bundled_items":[],"acf":[],"_links":{"self":[{"href":"https:\/\/beta.alpscigar.com\/zh\/wp-json\/wp\/v2\/product\/67399"}],"collection":[{"href":"https:\/\/beta.alpscigar.com\/zh\/wp-json\/wp\/v2\/product"}],"about":[{"href":"https:\/\/beta.alpscigar.com\/zh\/wp-json\/wp\/v2\/types\/product"}],"wp:featuredmedia":[{"embeddable":true,"href":"https:\/\/beta.alpscigar.com\/zh\/wp-json\/wp\/v2\/media\/67398"}],"wp:attachment":[{"href":"https:\/\/beta.alpscigar.com\/zh\/wp-json\/wp\/v2\/media?parent=67399"}],"wp:term":[{"taxonomy":"product_cat","embeddable":true,"href":"https:\/\/beta.alpscigar.com\/zh\/wp-json\/wp\/v2\/product_cat?post=67399"},{"taxonomy":"product_tag","embeddable":true,"href":"https:\/\/beta.alpscigar.com\/zh\/wp-json\/wp\/v2\/product_tag?post=67399"}],"curies":[{"name":"wp","href":"https:\/\/api.w.org\/{rel}","templated":true}]}}