{"id":67421,"date":"2022-05-02T09:04:55","date_gmt":"2022-05-02T08:04:55","guid":{"rendered":"https:\/\/alpscigar.com\/?post_type=product&#038;p=67421"},"modified":"2023-08-31T14:16:46","modified_gmt":"2023-08-31T13:16:46","slug":"s-t-dupont-briquet-seven-seas-ligne-2","status":"publish","type":"product","link":"https:\/\/beta.alpscigar.com\/zh\/shop\/cigars-accessories\/objets-dexception\/briquets-objets-dexception-objets-dexception\/s-t-dupont-briquet-seven-seas-ligne-2\/","title":{"rendered":"S.T. Dupont briquet Seven Seas Ligne 2"},"content":{"rendered":"<p>Le S.T. Dupont briquet Seven Seas Ligne 2 est avec laque effet bois et finitions palladium. Motif hublot dissimulant une boussole sur le devant.<\/p>\n<p><strong>UNE INVITATION AU VOYAGE ET \u00c0 LA D\u00c9COUVERTE DE NOUVEAUX HORIZONS <\/strong><\/p>\n<p>Pour sa nouvelle \u00e9dition limit\u00e9e Seven Seas, S.T. Dupont fait revivre l\u2019esprit du voyage en mer avec une collection exceptionnelle qui ravira les plus fins connaisseurs. Cette collection s\u2019inspire de la beaut\u00e9 de l\u2019architecture navale. S.T. Dupont revient sur le devant de la sc\u00e8ne pour incarner de nouveau l\u2019esprit d\u2019aventure et c\u00e9l\u00e9brer cette soif in\u00e9branlable d\u2019\u00e9vasion qui caract\u00e9rise les amoureux de la mer.<\/p>\n<p><strong>COLLECTION PRESTIGE<\/strong><br \/>\nLes instruments \u00e0 \u00e9crire N\u00e9oclassique, le coupe-papier et le briquet Ligne 2 qui composent la collection Seven Seas Prestige, sont un hommage au charme et \u00e0 l\u2019\u00e9l\u00e9gance des voyages d\u2019une \u00e9poque r\u00e9volue. Des d\u00e9tails nautiques en palladium dans le pur style des paquebots de luxe viennent rehausser les \u00e9l\u00e9ments en laque naturelle effet bois, reproduisant parfaitement l\u2019\u00e9l\u00e9gance de la coque d\u2019un voilier de r\u00e9gate. Le Briquet Ligne 2 Prestige est limit\u00e9 \u00e0 999 exemplaires num\u00e9rot\u00e9s tandis que chacun des instruments \u00e0 \u00e9crire est limit\u00e9 \u00e0 399 exemplaires.<\/p>\n<p><strong>SET FUMEUR<\/strong><br \/>\nInspir\u00e9 par la beaut\u00e9 de l\u2019architecture navale, le set fumeur est compos\u00e9 d\u2019un briquet Ligne 2 et d\u2019un coupe cigares en laque naturelle effet bois.Le briquet est agr\u00e9ment\u00e9 d\u2019\u00e9l\u00e9ments d\u2019accastillage et de cordage en palladium contrastants avec sa laque naturelle effet bois d\u2019une extr\u00eame finesse. Une authentique boussole miniature ench\u00e2ss\u00e9e dans une monture en forme de hublot vient parfaire le design. Ce Set Fumeur est pr\u00e9sent\u00e9 sur un yacht en bois de ch\u00eane, limit\u00e9 \u00e0 299 exemplaires<\/p>\n<p><strong>SET \u00c9CRITURE<\/strong><br \/>\nInspir\u00e9 par l\u2019\u00e9l\u00e9gance majestueuse d\u2019un voilier, le set d\u2019\u00e9criture Seven Seas est un hommage au monde maritime. Le raffinement des instruments d\u2019\u00e9criture N\u00e9oclassique en laque naturelle effet bois transpara\u00eet \u00e0 travers les d\u00e9tails en palladium et une authentique boussole miniature ench\u00e2ss\u00e9e dans une monture en forme de hublot. Pr\u00e9sent\u00e9 sur un bateau \u00e0 voile en bois de ch\u00eane, un \u00e9l\u00e9gant coupe-papier en acier inoxydable en forme de rame distingue le set d\u2019\u00e9criture, \u00e9galement limit\u00e9 \u00e0 299 exemplaires.<\/p>\n<p><strong>LE COLLECTOR<\/strong><br \/>\nL\u2019ensemble Collector Seven Seas, compos\u00e9 du set d\u2019\u00e9criture et du set fumeur, est propos\u00e9 dans un coffret minutieusement travaill\u00e9, mettant en sc\u00e8ne un port dans lequel deux yachts sont amarr\u00e9s de part et d\u2019autre d\u2019un ponton. Un \u00e9crin en bois de teck, retra\u00e7ant la carte des Sept Mers, met en valeur le style unique et le raffinement de cette cr\u00e9ation exclusive. Con\u00e7ue pour les connaisseurs, l\u2019\u00e9dition Collector Seven Seas est limit\u00e9e \u00e0 300 pi\u00e8ces.<\/p>","protected":false},"excerpt":{"rendered":"<p>1 Briquet &#8211; S\u00e9rie Limit\u00e9e.<\/p>","protected":false},"featured_media":67418,"template":"","meta":{"_acf_changed":false},"product_cat":[30111,29913,30102,29946,16870,21651,21649],"product_tag":[],"bundled_by":[],"bundle_stock_status":"outofstock","bundle_stock_quantity":null,"bundle_virtual":false,"bundle_layout":"","bundle_add_to_cart_form_location":"","bundle_editable_in_cart":false,"bundle_sold_individually_context":"","bundle_item_grouping":"","bundle_min_size":"","bundle_max_size":"","bundled_items":[],"acf":[],"_links":{"self":[{"href":"https:\/\/beta.alpscigar.com\/zh\/wp-json\/wp\/v2\/product\/67421"}],"collection":[{"href":"https:\/\/beta.alpscigar.com\/zh\/wp-json\/wp\/v2\/product"}],"about":[{"href":"https:\/\/beta.alpscigar.com\/zh\/wp-json\/wp\/v2\/types\/product"}],"wp:featuredmedia":[{"embeddable":true,"href":"https:\/\/beta.alpscigar.com\/zh\/wp-json\/wp\/v2\/media\/67418"}],"wp:attachment":[{"href":"https:\/\/beta.alpscigar.com\/zh\/wp-json\/wp\/v2\/media?parent=67421"}],"wp:term":[{"taxonomy":"product_cat","embeddable":true,"href":"https:\/\/beta.alpscigar.com\/zh\/wp-json\/wp\/v2\/product_cat?post=67421"},{"taxonomy":"product_tag","embeddable":true,"href":"https:\/\/beta.alpscigar.com\/zh\/wp-json\/wp\/v2\/product_tag?post=67421"}],"curies":[{"name":"wp","href":"https:\/\/api.w.org\/{rel}","templated":true}]}}