{"id":67530,"date":"2022-05-02T09:12:06","date_gmt":"2022-05-02T08:12:06","guid":{"rendered":"https:\/\/alpscigar.com\/?post_type=product&#038;p=67530"},"modified":"2023-11-15T11:48:44","modified_gmt":"2023-11-15T10:48:44","slug":"vallejuelo-gran-toro-bundle-25","status":"publish","type":"product","link":"https:\/\/beta.alpscigar.com\/zh\/shop\/dominican-cigars\/vallejuelo\/vallejuelo-gran-toro-bundle-25\/","title":{"rendered":"Vallejuelo Gran Toro Bundle (25)"},"content":{"rendered":"<p><strong>Not\u00e9s 93 et \u200b\u200b92 par Cigar Aficionado,<\/strong> les cigares <strong>Vallejuelo Gran Toro<\/strong> au corps moyen \u00e0 cors\u00e9 ont \u00e9galement \u00e9t\u00e9 reconnus comme <strong>Meilleur cigare de l&rsquo;ann\u00e9e 2010<\/strong>\u00a0par le m\u00eame magazine.\u00a0Fabriqu\u00e9 \u00e0 partir d&rsquo;un m\u00e9lange sp\u00e9cial de tabacs de tripes nicaraguayennes et dominicaines, de sous-capes dominicaines et de capes Habano \u00e9quatoriennes, <strong>la toute derni\u00e8re marque haut de gamme \u00e0 prix avantageux du march\u00e9 a tout pour plaire.<\/strong><\/p>\n<p>&nbsp;<\/p>","protected":false},"excerpt":{"rendered":"<p>\u6bcf\u5305 25 \u652f\u96ea\u8304\u3002<\/p>","protected":false},"featured_media":67528,"template":"","meta":{"_acf_changed":false},"product_cat":[29911,30036,23555],"product_tag":[],"bundled_by":[],"bundle_stock_status":"outofstock","bundle_stock_quantity":0,"bundle_virtual":false,"bundle_layout":"","bundle_add_to_cart_form_location":"","bundle_editable_in_cart":false,"bundle_sold_individually_context":"","bundle_item_grouping":"","bundle_min_size":"","bundle_max_size":"","bundled_items":[],"acf":[],"_links":{"self":[{"href":"https:\/\/beta.alpscigar.com\/zh\/wp-json\/wp\/v2\/product\/67530"}],"collection":[{"href":"https:\/\/beta.alpscigar.com\/zh\/wp-json\/wp\/v2\/product"}],"about":[{"href":"https:\/\/beta.alpscigar.com\/zh\/wp-json\/wp\/v2\/types\/product"}],"wp:featuredmedia":[{"embeddable":true,"href":"https:\/\/beta.alpscigar.com\/zh\/wp-json\/wp\/v2\/media\/67528"}],"wp:attachment":[{"href":"https:\/\/beta.alpscigar.com\/zh\/wp-json\/wp\/v2\/media?parent=67530"}],"wp:term":[{"taxonomy":"product_cat","embeddable":true,"href":"https:\/\/beta.alpscigar.com\/zh\/wp-json\/wp\/v2\/product_cat?post=67530"},{"taxonomy":"product_tag","embeddable":true,"href":"https:\/\/beta.alpscigar.com\/zh\/wp-json\/wp\/v2\/product_tag?post=67530"}],"curies":[{"name":"wp","href":"https:\/\/api.w.org\/{rel}","templated":true}]}}