{"id":67704,"date":"2022-05-02T09:35:57","date_gmt":"2022-05-02T08:35:57","guid":{"rendered":"https:\/\/alpscigar.com\/?post_type=product&#038;p=67704"},"modified":"2023-11-27T10:32:15","modified_gmt":"2023-11-27T09:32:15","slug":"xikar-tech-single-black-525bk","status":"publish","type":"product","link":"https:\/\/beta.alpscigar.com\/zh\/shop\/cigars-accessories\/lighters\/xikar\/simple-flamme\/xikar-tech-single-black-525bk\/","title":{"rendered":"Xikar Tech Single Black 525BK"},"content":{"rendered":"<p>La famille des briquets Xikar Tech est disponible en puissantes simple flamme, double flammes, triples flammes et d\u00e9sormais quadruples flammes. Le r\u00e9servoir de carburant est sur-dimensionn\u00e9 pour les longs trajets. Des performances fiables dans plusieurs tailles.<\/p>\n<p><strong>Dimensions :<\/strong> 35 mm x72 mm x 20mm<\/p>","protected":false},"excerpt":{"rendered":"<p>1 briquet simple flamme.<\/p>","protected":false},"featured_media":67702,"template":"","meta":{"_acf_changed":false},"product_cat":[30010,30020,30048,24638,16870,21651],"product_tag":[],"bundled_by":[],"bundle_stock_status":"instock","bundle_stock_quantity":null,"bundle_virtual":false,"bundle_layout":"","bundle_add_to_cart_form_location":"","bundle_editable_in_cart":false,"bundle_sold_individually_context":"","bundle_item_grouping":"","bundle_min_size":"","bundle_max_size":"","bundled_items":[],"acf":[],"_links":{"self":[{"href":"https:\/\/beta.alpscigar.com\/zh\/wp-json\/wp\/v2\/product\/67704"}],"collection":[{"href":"https:\/\/beta.alpscigar.com\/zh\/wp-json\/wp\/v2\/product"}],"about":[{"href":"https:\/\/beta.alpscigar.com\/zh\/wp-json\/wp\/v2\/types\/product"}],"wp:featuredmedia":[{"embeddable":true,"href":"https:\/\/beta.alpscigar.com\/zh\/wp-json\/wp\/v2\/media\/67702"}],"wp:attachment":[{"href":"https:\/\/beta.alpscigar.com\/zh\/wp-json\/wp\/v2\/media?parent=67704"}],"wp:term":[{"taxonomy":"product_cat","embeddable":true,"href":"https:\/\/beta.alpscigar.com\/zh\/wp-json\/wp\/v2\/product_cat?post=67704"},{"taxonomy":"product_tag","embeddable":true,"href":"https:\/\/beta.alpscigar.com\/zh\/wp-json\/wp\/v2\/product_tag?post=67704"}],"curies":[{"name":"wp","href":"https:\/\/api.w.org\/{rel}","templated":true}]}}