{"id":67893,"date":"2022-05-02T09:44:59","date_gmt":"2022-05-02T08:44:59","guid":{"rendered":"https:\/\/alpscigar.com\/?post_type=product&#038;p=67893"},"modified":"2023-12-08T00:48:15","modified_gmt":"2023-12-07T23:48:15","slug":"xikar-xidris-sandstone-tan-541tn","status":"publish","type":"product","link":"https:\/\/beta.alpscigar.com\/zh\/shop\/cigars-accessories\/lighters\/xikar\/simple-flamme\/xikar-xidris-sandstone-tan-541tn\/","title":{"rendered":"Xikar Xidris Sandstone Tan 541TN"},"content":{"rendered":"<p>Con\u00e7u dans une classe \u00e0 part, le nouveau briquet \u00e0 flamme unique <strong>Xikar Xidris Sandstone Tan<\/strong>\u00a0repousse les limites du style de luxe et de la sortie haute performance. Chaque briquet pr\u00e9sente une finition unique inspir\u00e9e des supercar pour un style distinct et profond, rehauss\u00e9 par des lignes impeccables et des courbes subtiles.\u00a0La technologie de flamme <strong>Direct Inject \u2122<\/strong> optimise les performances, favorisant une flamme constante et stable, \u00e0 chaque fois.\u00a0Alliant luxe et performance.<\/p>","protected":false},"excerpt":{"rendered":"<p>1 briquet simple flamme.<\/p>","protected":false},"featured_media":67892,"template":"","meta":{"_acf_changed":false},"product_cat":[30010,30047,30048,16870,21651],"product_tag":[],"bundled_by":[],"bundle_stock_status":"instock","bundle_stock_quantity":null,"bundle_virtual":false,"bundle_layout":"","bundle_add_to_cart_form_location":"","bundle_editable_in_cart":false,"bundle_sold_individually_context":"","bundle_item_grouping":"","bundle_min_size":"","bundle_max_size":"","bundled_items":[],"acf":[],"_links":{"self":[{"href":"https:\/\/beta.alpscigar.com\/zh\/wp-json\/wp\/v2\/product\/67893"}],"collection":[{"href":"https:\/\/beta.alpscigar.com\/zh\/wp-json\/wp\/v2\/product"}],"about":[{"href":"https:\/\/beta.alpscigar.com\/zh\/wp-json\/wp\/v2\/types\/product"}],"wp:featuredmedia":[{"embeddable":true,"href":"https:\/\/beta.alpscigar.com\/zh\/wp-json\/wp\/v2\/media\/67892"}],"wp:attachment":[{"href":"https:\/\/beta.alpscigar.com\/zh\/wp-json\/wp\/v2\/media?parent=67893"}],"wp:term":[{"taxonomy":"product_cat","embeddable":true,"href":"https:\/\/beta.alpscigar.com\/zh\/wp-json\/wp\/v2\/product_cat?post=67893"},{"taxonomy":"product_tag","embeddable":true,"href":"https:\/\/beta.alpscigar.com\/zh\/wp-json\/wp\/v2\/product_tag?post=67893"}],"curies":[{"name":"wp","href":"https:\/\/api.w.org\/{rel}","templated":true}]}}