{"id":67900,"date":"2022-05-02T09:45:59","date_gmt":"2022-05-02T08:45:59","guid":{"rendered":"https:\/\/alpscigar.com\/?post_type=product&#038;p=67900"},"modified":"2023-11-27T10:33:31","modified_gmt":"2023-11-27T09:33:31","slug":"xikar-tech-double-black-526bk","status":"publish","type":"product","link":"https:\/\/beta.alpscigar.com\/zh\/shop\/cigars-accessories\/lighters\/xikar\/double-flamme\/xikar-tech-double-black-526bk\/","title":{"rendered":"Xikar Tech Double Black 526BK"},"content":{"rendered":"<p>Briquet Xikar Tech Black double flamme avec lequel vous pourrez parfaitement allumer la t\u00eate de votre cigare. R\u00e9glable par la molette du bas, sa double flamme chalumeau r\u00e9sistera au vent. \u00c9galement rechargeable avec du gaz, ce briquet Xikar Tech Double Black est confectionn\u00e9 avec des mat\u00e9riaux de qualit\u00e9 et sera donc \u00e0 la hauteur des attentes de fumeurs de cigares.<\/p>\n<p><strong>Dimensions :<\/strong> 35 mm x72 mm x 20mm<\/p>","protected":false},"excerpt":{"rendered":"<p>1 briquet double flamme.<\/p>","protected":false},"featured_media":67899,"template":"","meta":{"_acf_changed":false},"product_cat":[29780,30021,30048,16870,21651],"product_tag":[],"bundled_by":[],"bundle_stock_status":"outofstock","bundle_stock_quantity":0,"bundle_virtual":false,"bundle_layout":"","bundle_add_to_cart_form_location":"","bundle_editable_in_cart":false,"bundle_sold_individually_context":"","bundle_item_grouping":"","bundle_min_size":"","bundle_max_size":"","bundled_items":[],"acf":[],"_links":{"self":[{"href":"https:\/\/beta.alpscigar.com\/zh\/wp-json\/wp\/v2\/product\/67900"}],"collection":[{"href":"https:\/\/beta.alpscigar.com\/zh\/wp-json\/wp\/v2\/product"}],"about":[{"href":"https:\/\/beta.alpscigar.com\/zh\/wp-json\/wp\/v2\/types\/product"}],"wp:featuredmedia":[{"embeddable":true,"href":"https:\/\/beta.alpscigar.com\/zh\/wp-json\/wp\/v2\/media\/67899"}],"wp:attachment":[{"href":"https:\/\/beta.alpscigar.com\/zh\/wp-json\/wp\/v2\/media?parent=67900"}],"wp:term":[{"taxonomy":"product_cat","embeddable":true,"href":"https:\/\/beta.alpscigar.com\/zh\/wp-json\/wp\/v2\/product_cat?post=67900"},{"taxonomy":"product_tag","embeddable":true,"href":"https:\/\/beta.alpscigar.com\/zh\/wp-json\/wp\/v2\/product_tag?post=67900"}],"curies":[{"name":"wp","href":"https:\/\/api.w.org\/{rel}","templated":true}]}}