{"id":81856,"date":"2022-07-29T10:09:06","date_gmt":"2022-07-29T09:09:06","guid":{"rendered":"https:\/\/alpscigar.com\/?post_type=product&#038;p=81856"},"modified":"2023-08-31T14:56:16","modified_gmt":"2023-08-31T13:56:16","slug":"marius-vizer-ronin-20","status":"publish","type":"product","link":"https:\/\/beta.alpscigar.com\/zh\/shop\/dominican-cigars\/marius-vizer\/marius-vizer-ronin-20\/","title":{"rendered":"Marius Vizer Ronin (20)"},"content":{"rendered":"<p><span data-sheets-value=\"{&quot;1&quot;:2,&quot;2&quot;:&quot;Le cigare marius Vizer Ronin est le module robusto de la marque Marius Vizer, ce cigare a une longueur de 12.7 cm pour un diam\u00e8tre de 21 mm. Le temps de fum\u00e9e de ce cigare est d'environ 45 minutes. Ce cigare Marius Vizer Ronin est produit en R\u00e9publique Dominicaine, il est compos\u00e9 de tabacs \u00e9lev\u00e9s en Equateur pour la feuille de cape, d' une sous-cape cultiv\u00e9e en R\u00e9publique Dominicaine et la tripe est compos\u00e9e de tabacs cultiv\u00e9s en R\u00e9publique Dominicaine et au Nicaragua. Les cigares Marius Vizer sont propos\u00e9s en bo\u00eete de 20 cigares. Il existe 2 autres modules qui sont le Samurai et le Shogun. A la d\u00e9gustation, les cigares Marius Vizer nous donnent des saveurs l\u00e9g\u00e8rement \u00e9pic\u00e9es et tr\u00e8s cr\u00e9meuses. En terme d' intensit\u00e9, les cigares marius Vizer ont une note de 3 \u00e0 3.5 sur une \u00e9chelle de 5, l'assemblage des tabacs qui composent ls cigares Marius Vizer donne des modules tr\u00e8s aromatiques. Marius Vizer est le pr\u00e9sident de la f\u00e9d\u00e9ration internationale de Judo, on comprend mieux le nom des 3 modules ( Ronin, Samurai et Shogun) bas\u00e9s sur la tradition martiale japonaise. marius Vizer est un aficionado exp\u00e9riment\u00e9 qui fume le cigare depuis plus de 40 ans, c'est alors qu' il d\u00e9cide de cr\u00e9er sa propre marque de cigares destin\u00e9e aux amateurs les plus avertis. Etant donn\u00e9 la quantit\u00e9 r\u00e9duite de tabacs vieillis s\u00e9lectionn\u00e9s pour la marque Marius Vizer, le nombre de bo\u00eetes produites est limit\u00e9e \u00e0 1000 par module par ann\u00e9e.&quot;}\" data-sheets-userformat=\"{&quot;2&quot;:15357,&quot;3&quot;:{&quot;1&quot;:0},&quot;5&quot;:{&quot;1&quot;:[{&quot;1&quot;:2,&quot;2&quot;:0,&quot;5&quot;:{&quot;1&quot;:2,&quot;2&quot;:0}},{&quot;1&quot;:0,&quot;2&quot;:0,&quot;3&quot;:3},{&quot;1&quot;:1,&quot;2&quot;:0,&quot;4&quot;:1}]},&quot;6&quot;:{&quot;1&quot;:[{&quot;1&quot;:2,&quot;2&quot;:0,&quot;5&quot;:{&quot;1&quot;:2,&quot;2&quot;:0}},{&quot;1&quot;:0,&quot;2&quot;:0,&quot;3&quot;:3},{&quot;1&quot;:1,&quot;2&quot;:0,&quot;4&quot;:1}]},&quot;7&quot;:{&quot;1&quot;:[{&quot;1&quot;:2,&quot;2&quot;:0,&quot;5&quot;:{&quot;1&quot;:2,&quot;2&quot;:0}},{&quot;1&quot;:0,&quot;2&quot;:0,&quot;3&quot;:3},{&quot;1&quot;:1,&quot;2&quot;:0,&quot;4&quot;:1}]},&quot;8&quot;:{&quot;1&quot;:[{&quot;1&quot;:2,&quot;2&quot;:0,&quot;5&quot;:{&quot;1&quot;:2,&quot;2&quot;:0}},{&quot;1&quot;:0,&quot;2&quot;:0,&quot;3&quot;:3},{&quot;1&quot;:1,&quot;2&quot;:0,&quot;4&quot;:1}]},&quot;9&quot;:0,&quot;10&quot;:1,&quot;11&quot;:4,&quot;12&quot;:0,&quot;14&quot;:{&quot;1&quot;:2,&quot;2&quot;:0},&quot;15&quot;:&quot;Calibri&quot;,&quot;16&quot;:10}\">Le cigare <strong>Marius Vizer Ronin<\/strong> est le module Robusto de la marque Marius Vizer, ce cigare a une longueur de 12.7 cm pour un diam\u00e8tre de 21 mm. Le temps de fum\u00e9e de ce cigare est d&rsquo;environ 45 minutes. Ce cigare Marius Vizer Ronin est produit en R\u00e9publique Dominicaine, il est compos\u00e9 de tabacs \u00e9lev\u00e9s en Equateur pour la feuille de cape, d&rsquo; une sous-cape cultiv\u00e9e en R\u00e9publique Dominicaine et la tripe est compos\u00e9e de tabacs cultiv\u00e9s en R\u00e9publique Dominicaine et au Nicaragua. <\/span><\/p>\n<p><span data-sheets-value=\"{&quot;1&quot;:2,&quot;2&quot;:&quot;Le cigare marius Vizer Ronin est le module robusto de la marque Marius Vizer, ce cigare a une longueur de 12.7 cm pour un diam\u00e8tre de 21 mm. Le temps de fum\u00e9e de ce cigare est d'environ 45 minutes. Ce cigare Marius Vizer Ronin est produit en R\u00e9publique Dominicaine, il est compos\u00e9 de tabacs \u00e9lev\u00e9s en Equateur pour la feuille de cape, d' une sous-cape cultiv\u00e9e en R\u00e9publique Dominicaine et la tripe est compos\u00e9e de tabacs cultiv\u00e9s en R\u00e9publique Dominicaine et au Nicaragua. Les cigares Marius Vizer sont propos\u00e9s en bo\u00eete de 20 cigares. Il existe 2 autres modules qui sont le Samurai et le Shogun. A la d\u00e9gustation, les cigares Marius Vizer nous donnent des saveurs l\u00e9g\u00e8rement \u00e9pic\u00e9es et tr\u00e8s cr\u00e9meuses. En terme d' intensit\u00e9, les cigares marius Vizer ont une note de 3 \u00e0 3.5 sur une \u00e9chelle de 5, l'assemblage des tabacs qui composent ls cigares Marius Vizer donne des modules tr\u00e8s aromatiques. Marius Vizer est le pr\u00e9sident de la f\u00e9d\u00e9ration internationale de Judo, on comprend mieux le nom des 3 modules ( Ronin, Samurai et Shogun) bas\u00e9s sur la tradition martiale japonaise. marius Vizer est un aficionado exp\u00e9riment\u00e9 qui fume le cigare depuis plus de 40 ans, c'est alors qu' il d\u00e9cide de cr\u00e9er sa propre marque de cigares destin\u00e9e aux amateurs les plus avertis. Etant donn\u00e9 la quantit\u00e9 r\u00e9duite de tabacs vieillis s\u00e9lectionn\u00e9s pour la marque Marius Vizer, le nombre de bo\u00eetes produites est limit\u00e9e \u00e0 1000 par module par ann\u00e9e.&quot;}\" data-sheets-userformat=\"{&quot;2&quot;:15357,&quot;3&quot;:{&quot;1&quot;:0},&quot;5&quot;:{&quot;1&quot;:[{&quot;1&quot;:2,&quot;2&quot;:0,&quot;5&quot;:{&quot;1&quot;:2,&quot;2&quot;:0}},{&quot;1&quot;:0,&quot;2&quot;:0,&quot;3&quot;:3},{&quot;1&quot;:1,&quot;2&quot;:0,&quot;4&quot;:1}]},&quot;6&quot;:{&quot;1&quot;:[{&quot;1&quot;:2,&quot;2&quot;:0,&quot;5&quot;:{&quot;1&quot;:2,&quot;2&quot;:0}},{&quot;1&quot;:0,&quot;2&quot;:0,&quot;3&quot;:3},{&quot;1&quot;:1,&quot;2&quot;:0,&quot;4&quot;:1}]},&quot;7&quot;:{&quot;1&quot;:[{&quot;1&quot;:2,&quot;2&quot;:0,&quot;5&quot;:{&quot;1&quot;:2,&quot;2&quot;:0}},{&quot;1&quot;:0,&quot;2&quot;:0,&quot;3&quot;:3},{&quot;1&quot;:1,&quot;2&quot;:0,&quot;4&quot;:1}]},&quot;8&quot;:{&quot;1&quot;:[{&quot;1&quot;:2,&quot;2&quot;:0,&quot;5&quot;:{&quot;1&quot;:2,&quot;2&quot;:0}},{&quot;1&quot;:0,&quot;2&quot;:0,&quot;3&quot;:3},{&quot;1&quot;:1,&quot;2&quot;:0,&quot;4&quot;:1}]},&quot;9&quot;:0,&quot;10&quot;:1,&quot;11&quot;:4,&quot;12&quot;:0,&quot;14&quot;:{&quot;1&quot;:2,&quot;2&quot;:0},&quot;15&quot;:&quot;Calibri&quot;,&quot;16&quot;:10}\">Les cigares Marius Vizer sont propos\u00e9s en bo\u00eete de 20 cigares. Il existe 2 autres modules qui sont le Samurai et le Shogun. A la d\u00e9gustation, les cigares Marius Vizer nous donnent des saveurs l\u00e9g\u00e8rement \u00e9pic\u00e9es et tr\u00e8s cr\u00e9meuses. <\/span><\/p>\n<p><span data-sheets-value=\"{&quot;1&quot;:2,&quot;2&quot;:&quot;Le cigare marius Vizer Ronin est le module robusto de la marque Marius Vizer, ce cigare a une longueur de 12.7 cm pour un diam\u00e8tre de 21 mm. Le temps de fum\u00e9e de ce cigare est d'environ 45 minutes. Ce cigare Marius Vizer Ronin est produit en R\u00e9publique Dominicaine, il est compos\u00e9 de tabacs \u00e9lev\u00e9s en Equateur pour la feuille de cape, d' une sous-cape cultiv\u00e9e en R\u00e9publique Dominicaine et la tripe est compos\u00e9e de tabacs cultiv\u00e9s en R\u00e9publique Dominicaine et au Nicaragua. Les cigares Marius Vizer sont propos\u00e9s en bo\u00eete de 20 cigares. Il existe 2 autres modules qui sont le Samurai et le Shogun. A la d\u00e9gustation, les cigares Marius Vizer nous donnent des saveurs l\u00e9g\u00e8rement \u00e9pic\u00e9es et tr\u00e8s cr\u00e9meuses. En terme d' intensit\u00e9, les cigares marius Vizer ont une note de 3 \u00e0 3.5 sur une \u00e9chelle de 5, l'assemblage des tabacs qui composent ls cigares Marius Vizer donne des modules tr\u00e8s aromatiques. Marius Vizer est le pr\u00e9sident de la f\u00e9d\u00e9ration internationale de Judo, on comprend mieux le nom des 3 modules ( Ronin, Samurai et Shogun) bas\u00e9s sur la tradition martiale japonaise. marius Vizer est un aficionado exp\u00e9riment\u00e9 qui fume le cigare depuis plus de 40 ans, c'est alors qu' il d\u00e9cide de cr\u00e9er sa propre marque de cigares destin\u00e9e aux amateurs les plus avertis. Etant donn\u00e9 la quantit\u00e9 r\u00e9duite de tabacs vieillis s\u00e9lectionn\u00e9s pour la marque Marius Vizer, le nombre de bo\u00eetes produites est limit\u00e9e \u00e0 1000 par module par ann\u00e9e.&quot;}\" data-sheets-userformat=\"{&quot;2&quot;:15357,&quot;3&quot;:{&quot;1&quot;:0},&quot;5&quot;:{&quot;1&quot;:[{&quot;1&quot;:2,&quot;2&quot;:0,&quot;5&quot;:{&quot;1&quot;:2,&quot;2&quot;:0}},{&quot;1&quot;:0,&quot;2&quot;:0,&quot;3&quot;:3},{&quot;1&quot;:1,&quot;2&quot;:0,&quot;4&quot;:1}]},&quot;6&quot;:{&quot;1&quot;:[{&quot;1&quot;:2,&quot;2&quot;:0,&quot;5&quot;:{&quot;1&quot;:2,&quot;2&quot;:0}},{&quot;1&quot;:0,&quot;2&quot;:0,&quot;3&quot;:3},{&quot;1&quot;:1,&quot;2&quot;:0,&quot;4&quot;:1}]},&quot;7&quot;:{&quot;1&quot;:[{&quot;1&quot;:2,&quot;2&quot;:0,&quot;5&quot;:{&quot;1&quot;:2,&quot;2&quot;:0}},{&quot;1&quot;:0,&quot;2&quot;:0,&quot;3&quot;:3},{&quot;1&quot;:1,&quot;2&quot;:0,&quot;4&quot;:1}]},&quot;8&quot;:{&quot;1&quot;:[{&quot;1&quot;:2,&quot;2&quot;:0,&quot;5&quot;:{&quot;1&quot;:2,&quot;2&quot;:0}},{&quot;1&quot;:0,&quot;2&quot;:0,&quot;3&quot;:3},{&quot;1&quot;:1,&quot;2&quot;:0,&quot;4&quot;:1}]},&quot;9&quot;:0,&quot;10&quot;:1,&quot;11&quot;:4,&quot;12&quot;:0,&quot;14&quot;:{&quot;1&quot;:2,&quot;2&quot;:0},&quot;15&quot;:&quot;Calibri&quot;,&quot;16&quot;:10}\">En terme d&rsquo; intensit\u00e9, les cigares marius Vizer ont une note de 3 \u00e0 3.5 sur une \u00e9chelle de 5, l&rsquo;assemblage des tabacs qui composent ls cigares Marius Vizer donne des modules tr\u00e8s aromatiques. Marius Vizer est le pr\u00e9sident de la f\u00e9d\u00e9ration internationale de Judo, on comprend mieux le nom des 3 modules ( Ronin, Samurai et Shogun) bas\u00e9s sur la tradition martiale japonaise. marius Vizer est un aficionado exp\u00e9riment\u00e9 qui fume le cigare depuis plus de 40 ans, c&rsquo;est alors qu&rsquo; il d\u00e9cide de cr\u00e9er sa propre marque de cigares destin\u00e9e aux amateurs les plus avertis. <\/span><\/p>\n<p><span data-sheets-value=\"{&quot;1&quot;:2,&quot;2&quot;:&quot;Le cigare marius Vizer Ronin est le module robusto de la marque Marius Vizer, ce cigare a une longueur de 12.7 cm pour un diam\u00e8tre de 21 mm. Le temps de fum\u00e9e de ce cigare est d'environ 45 minutes. Ce cigare Marius Vizer Ronin est produit en R\u00e9publique Dominicaine, il est compos\u00e9 de tabacs \u00e9lev\u00e9s en Equateur pour la feuille de cape, d' une sous-cape cultiv\u00e9e en R\u00e9publique Dominicaine et la tripe est compos\u00e9e de tabacs cultiv\u00e9s en R\u00e9publique Dominicaine et au Nicaragua. Les cigares Marius Vizer sont propos\u00e9s en bo\u00eete de 20 cigares. Il existe 2 autres modules qui sont le Samurai et le Shogun. A la d\u00e9gustation, les cigares Marius Vizer nous donnent des saveurs l\u00e9g\u00e8rement \u00e9pic\u00e9es et tr\u00e8s cr\u00e9meuses. En terme d' intensit\u00e9, les cigares marius Vizer ont une note de 3 \u00e0 3.5 sur une \u00e9chelle de 5, l'assemblage des tabacs qui composent ls cigares Marius Vizer donne des modules tr\u00e8s aromatiques. Marius Vizer est le pr\u00e9sident de la f\u00e9d\u00e9ration internationale de Judo, on comprend mieux le nom des 3 modules ( Ronin, Samurai et Shogun) bas\u00e9s sur la tradition martiale japonaise. marius Vizer est un aficionado exp\u00e9riment\u00e9 qui fume le cigare depuis plus de 40 ans, c'est alors qu' il d\u00e9cide de cr\u00e9er sa propre marque de cigares destin\u00e9e aux amateurs les plus avertis. Etant donn\u00e9 la quantit\u00e9 r\u00e9duite de tabacs vieillis s\u00e9lectionn\u00e9s pour la marque Marius Vizer, le nombre de bo\u00eetes produites est limit\u00e9e \u00e0 1000 par module par ann\u00e9e.&quot;}\" data-sheets-userformat=\"{&quot;2&quot;:15357,&quot;3&quot;:{&quot;1&quot;:0},&quot;5&quot;:{&quot;1&quot;:[{&quot;1&quot;:2,&quot;2&quot;:0,&quot;5&quot;:{&quot;1&quot;:2,&quot;2&quot;:0}},{&quot;1&quot;:0,&quot;2&quot;:0,&quot;3&quot;:3},{&quot;1&quot;:1,&quot;2&quot;:0,&quot;4&quot;:1}]},&quot;6&quot;:{&quot;1&quot;:[{&quot;1&quot;:2,&quot;2&quot;:0,&quot;5&quot;:{&quot;1&quot;:2,&quot;2&quot;:0}},{&quot;1&quot;:0,&quot;2&quot;:0,&quot;3&quot;:3},{&quot;1&quot;:1,&quot;2&quot;:0,&quot;4&quot;:1}]},&quot;7&quot;:{&quot;1&quot;:[{&quot;1&quot;:2,&quot;2&quot;:0,&quot;5&quot;:{&quot;1&quot;:2,&quot;2&quot;:0}},{&quot;1&quot;:0,&quot;2&quot;:0,&quot;3&quot;:3},{&quot;1&quot;:1,&quot;2&quot;:0,&quot;4&quot;:1}]},&quot;8&quot;:{&quot;1&quot;:[{&quot;1&quot;:2,&quot;2&quot;:0,&quot;5&quot;:{&quot;1&quot;:2,&quot;2&quot;:0}},{&quot;1&quot;:0,&quot;2&quot;:0,&quot;3&quot;:3},{&quot;1&quot;:1,&quot;2&quot;:0,&quot;4&quot;:1}]},&quot;9&quot;:0,&quot;10&quot;:1,&quot;11&quot;:4,&quot;12&quot;:0,&quot;14&quot;:{&quot;1&quot;:2,&quot;2&quot;:0},&quot;15&quot;:&quot;Calibri&quot;,&quot;16&quot;:10}\">Etant donn\u00e9 la quantit\u00e9 r\u00e9duite de tabacs vieillis s\u00e9lectionn\u00e9s pour la marque Marius Vizer, le nombre de bo\u00eetes produites est limit\u00e9e \u00e0 1000 par module par ann\u00e9e.<\/span><\/p>","protected":false},"excerpt":{"rendered":"<p>\u6bcf\u76d2 20 \u652f\u3002<\/p>","protected":false},"featured_media":81855,"template":"","meta":{"_acf_changed":false},"product_cat":[30306,24791,23555],"product_tag":[],"bundled_by":[],"bundle_stock_status":"outofstock","bundle_stock_quantity":0,"bundle_virtual":false,"bundle_layout":"","bundle_add_to_cart_form_location":"","bundle_editable_in_cart":false,"bundle_sold_individually_context":"","bundle_item_grouping":"","bundle_min_size":"","bundle_max_size":"","bundled_items":[],"acf":[],"_links":{"self":[{"href":"https:\/\/beta.alpscigar.com\/zh\/wp-json\/wp\/v2\/product\/81856"}],"collection":[{"href":"https:\/\/beta.alpscigar.com\/zh\/wp-json\/wp\/v2\/product"}],"about":[{"href":"https:\/\/beta.alpscigar.com\/zh\/wp-json\/wp\/v2\/types\/product"}],"wp:featuredmedia":[{"embeddable":true,"href":"https:\/\/beta.alpscigar.com\/zh\/wp-json\/wp\/v2\/media\/81855"}],"wp:attachment":[{"href":"https:\/\/beta.alpscigar.com\/zh\/wp-json\/wp\/v2\/media?parent=81856"}],"wp:term":[{"taxonomy":"product_cat","embeddable":true,"href":"https:\/\/beta.alpscigar.com\/zh\/wp-json\/wp\/v2\/product_cat?post=81856"},{"taxonomy":"product_tag","embeddable":true,"href":"https:\/\/beta.alpscigar.com\/zh\/wp-json\/wp\/v2\/product_tag?post=81856"}],"curies":[{"name":"wp","href":"https:\/\/api.w.org\/{rel}","templated":true}]}}