{"id":81878,"date":"2022-07-29T11:37:34","date_gmt":"2022-07-29T10:37:34","guid":{"rendered":"https:\/\/alpscigar.com\/?post_type=product&#038;p=81878"},"modified":"2023-08-31T14:57:07","modified_gmt":"2023-08-31T13:57:07","slug":"nobel-petit-sumatra-5x20","status":"publish","type":"product","link":"https:\/\/beta.alpscigar.com\/zh\/shop\/cigars\/nobel-petit-sumatra-5x20\/","title":{"rendered":"Nobel Petit Sumatra (5X20)"},"content":{"rendered":"<p><span data-sheets-value=\"{&quot;1&quot;:2,&quot;2&quot;:&quot;Le Nobel Petit Sumatra est un cigarillo moyennement cors\u00e9 avec des notes de bois et de terre. C'est la variante la plus cr\u00e9meuse des cigarillos Petit Nobel. Le Nobel Petit Sumatra est bien fait et roul\u00e9 tendu et droit. Un cigarillo fin avec une cape de Sumatra, une sous-cape de Java et une farce du Br\u00e9sil et de Java&quot;}\" data-sheets-userformat=\"{&quot;2&quot;:15357,&quot;3&quot;:{&quot;1&quot;:0},&quot;5&quot;:{&quot;1&quot;:[{&quot;1&quot;:2,&quot;2&quot;:0,&quot;5&quot;:{&quot;1&quot;:2,&quot;2&quot;:0}},{&quot;1&quot;:0,&quot;2&quot;:0,&quot;3&quot;:3},{&quot;1&quot;:1,&quot;2&quot;:0,&quot;4&quot;:1}]},&quot;6&quot;:{&quot;1&quot;:[{&quot;1&quot;:2,&quot;2&quot;:0,&quot;5&quot;:{&quot;1&quot;:2,&quot;2&quot;:0}},{&quot;1&quot;:0,&quot;2&quot;:0,&quot;3&quot;:3},{&quot;1&quot;:1,&quot;2&quot;:0,&quot;4&quot;:1}]},&quot;7&quot;:{&quot;1&quot;:[{&quot;1&quot;:2,&quot;2&quot;:0,&quot;5&quot;:{&quot;1&quot;:2,&quot;2&quot;:0}},{&quot;1&quot;:0,&quot;2&quot;:0,&quot;3&quot;:3},{&quot;1&quot;:1,&quot;2&quot;:0,&quot;4&quot;:1}]},&quot;8&quot;:{&quot;1&quot;:[{&quot;1&quot;:2,&quot;2&quot;:0,&quot;5&quot;:{&quot;1&quot;:2,&quot;2&quot;:0}},{&quot;1&quot;:0,&quot;2&quot;:0,&quot;3&quot;:3},{&quot;1&quot;:1,&quot;2&quot;:0,&quot;4&quot;:1}]},&quot;9&quot;:0,&quot;10&quot;:1,&quot;11&quot;:4,&quot;12&quot;:0,&quot;14&quot;:{&quot;1&quot;:2,&quot;2&quot;:0},&quot;15&quot;:&quot;Calibri&quot;,&quot;16&quot;:10}\">Le Nobel Petit Sumatra est un cigarillo moyennement cors\u00e9 avec des notes de bois et de terre. C&rsquo;est la variante la plus cr\u00e9meuse des cigarillos Petit Nobel. Le Nobel Petit Sumatra est bien fait et roul\u00e9 tendu et droit. Un cigarillo fin avec une cape de Sumatra, une sous-cape de Java et une farce du Br\u00e9sil et de Java<\/span><\/p>","protected":false},"excerpt":{"rendered":"<p>Bo\u00eete de (5X20) cigares.<\/p>","protected":false},"featured_media":81876,"template":"","meta":{"_acf_changed":false},"product_cat":[29739,24791],"product_tag":[],"bundled_by":[],"bundle_stock_status":"instock","bundle_stock_quantity":null,"bundle_virtual":false,"bundle_layout":"","bundle_add_to_cart_form_location":"","bundle_editable_in_cart":false,"bundle_sold_individually_context":"","bundle_item_grouping":"","bundle_min_size":"","bundle_max_size":"","bundled_items":[],"acf":[],"_links":{"self":[{"href":"https:\/\/beta.alpscigar.com\/zh\/wp-json\/wp\/v2\/product\/81878"}],"collection":[{"href":"https:\/\/beta.alpscigar.com\/zh\/wp-json\/wp\/v2\/product"}],"about":[{"href":"https:\/\/beta.alpscigar.com\/zh\/wp-json\/wp\/v2\/types\/product"}],"wp:featuredmedia":[{"embeddable":true,"href":"https:\/\/beta.alpscigar.com\/zh\/wp-json\/wp\/v2\/media\/81876"}],"wp:attachment":[{"href":"https:\/\/beta.alpscigar.com\/zh\/wp-json\/wp\/v2\/media?parent=81878"}],"wp:term":[{"taxonomy":"product_cat","embeddable":true,"href":"https:\/\/beta.alpscigar.com\/zh\/wp-json\/wp\/v2\/product_cat?post=81878"},{"taxonomy":"product_tag","embeddable":true,"href":"https:\/\/beta.alpscigar.com\/zh\/wp-json\/wp\/v2\/product_tag?post=81878"}],"curies":[{"name":"wp","href":"https:\/\/api.w.org\/{rel}","templated":true}]}}