{"id":86706,"date":"2022-09-13T14:28:26","date_gmt":"2022-09-13T13:28:26","guid":{"rendered":"https:\/\/alpscigar.com\/?post_type=product&#038;p=86706"},"modified":"2023-08-31T14:58:07","modified_gmt":"2023-08-31T13:58:07","slug":"matilde-serena-grande-20","status":"publish","type":"product","link":"https:\/\/beta.alpscigar.com\/zh\/shop\/dominican-cigars\/matilde\/matilde-serena-grande-20\/","title":{"rendered":"Matilde Serena Grande (20)"},"content":{"rendered":"<p>Le cigare<strong> Matilde Serena Grande (20)<\/strong> fait partie de la gamme \u00a0\u00bb Serena\u00a0\u00bb; sans doute les cigares les plus doux de la marque Matilde.<br \/>\nLes cigare Matilde de la gamme Serena ont obtenu la note de<strong> 91 \/100 par Cigar Aficionado<\/strong>.<\/p>\n<p>Compos\u00e9 d&rsquo;un joli m\u00e9lange dominicain et nicaraguayen, il est tenu dans une sous-cape exclusivement dominicaine. La cape connecticut, dor\u00e9e et claire, est une feuille de tabac l\u00e9g\u00e8re cultiv\u00e9e en Equateur.<br \/>\nLe cigare Matilde Serena Grande (20) se caract\u00e9rise par sa grande tendresse. Parmi les ar\u00f4mes majoritairement pr\u00e9sents, nous retiendrons avant tout des notes douces et cr\u00e9meuses : d\u00e8s les premi\u00e8res bouff\u00e9es, une fine couverture caram\u00e9lis\u00e9e tapisse le palais. Quelques notes de noix, de foin, des saveurs bois\u00e9es et de caf\u00e9 viennent compl\u00e9ter cette douceur au fil de la d\u00e9gustation.<br \/>\nCe cigare toro grande, de puissance moyenne, sera un cigare id\u00e9al pour commencer votre journ\u00e9e par exemple.<br \/>\nCr\u00e9\u00e9e en 1876, Matilde est l&rsquo;une des premi\u00e8res compagnies de tabac en R\u00e9publique Dominicaine. Elle a \u00e9t\u00e9 relanc\u00e9e par la famille Seijas en 2014.<\/p>\n<p>Ce cigare <strong>Matilde Serena Grande<\/strong> est un module Grand Toro. Il mesure 153 mm pour un diam\u00e8tre de 23,8 mm. Ce format vous offrira environ 70 \u00e0 90 minutes de d\u00e9gustation.<br \/>\nCe cigare est aussi disponible en trois autres formats.<\/p>","protected":false},"excerpt":{"rendered":"<p>\u6bcf\u76d2 20 \u652f\u3002<\/p>","protected":false},"featured_media":86750,"template":"","meta":{"_acf_changed":false},"product_cat":[29618,24791,23555],"product_tag":[],"bundled_by":[],"bundle_stock_status":"instock","bundle_stock_quantity":null,"bundle_virtual":false,"bundle_layout":"","bundle_add_to_cart_form_location":"","bundle_editable_in_cart":false,"bundle_sold_individually_context":"","bundle_item_grouping":"","bundle_min_size":"","bundle_max_size":"","bundled_items":[],"acf":[],"_links":{"self":[{"href":"https:\/\/beta.alpscigar.com\/zh\/wp-json\/wp\/v2\/product\/86706"}],"collection":[{"href":"https:\/\/beta.alpscigar.com\/zh\/wp-json\/wp\/v2\/product"}],"about":[{"href":"https:\/\/beta.alpscigar.com\/zh\/wp-json\/wp\/v2\/types\/product"}],"wp:featuredmedia":[{"embeddable":true,"href":"https:\/\/beta.alpscigar.com\/zh\/wp-json\/wp\/v2\/media\/86750"}],"wp:attachment":[{"href":"https:\/\/beta.alpscigar.com\/zh\/wp-json\/wp\/v2\/media?parent=86706"}],"wp:term":[{"taxonomy":"product_cat","embeddable":true,"href":"https:\/\/beta.alpscigar.com\/zh\/wp-json\/wp\/v2\/product_cat?post=86706"},{"taxonomy":"product_tag","embeddable":true,"href":"https:\/\/beta.alpscigar.com\/zh\/wp-json\/wp\/v2\/product_tag?post=86706"}],"curies":[{"name":"wp","href":"https:\/\/api.w.org\/{rel}","templated":true}]}}