{"id":90787,"date":"2022-10-18T14:27:29","date_gmt":"2022-10-18T13:27:29","guid":{"rendered":"https:\/\/alpscigar.com\/?post_type=product&#038;p=90787"},"modified":"2023-11-27T10:31:23","modified_gmt":"2023-11-27T09:31:23","slug":"cigare-le-livre-2","status":"publish","type":"product","link":"https:\/\/beta.alpscigar.com\/zh\/shop\/cigars-accessories\/others-accessories\/cigare-le-livre-2\/","title":{"rendered":"Cigare &#8211; Le livre"},"content":{"rendered":"<p>Toute grande Maison de Cigare se doit de r\u00e9aliser quelque chose qui marquera les esprits et l&rsquo;univers du cigare et ses amateurs. Voil\u00e0 les propos d&rsquo;un ami \u00e9picurien, me poussant \u00e0 r\u00e9aliser une oeuvre sur le th\u00e8me du cigare.<\/p>\n<p>Cette discussion se d\u00e9roula \u00e0 Cuba, sur la terrasse du fameux h\u00f4tel Nacional en f\u00e9vrier 2005. Une ann\u00e9e plus tard, le projet avait pris forme et j&rsquo;avais r\u00e9unis mon \u00e9quipe afin de r\u00e9aliser <strong>Le Livre \u00ab\u00a0Cigare\u00a0\u00bb.<\/strong> Six ans plus tard, nous avions r\u00e9aliser notre r\u00eave et les 2000 premiers livres ont \u00e9t\u00e9 livr\u00e9s en Suisse.<\/p>\n<p>Une exp\u00e9rience unique port\u00e9e par un projet novateur, cr\u00e9atif, philosophique, \u00e9picurien, bousculant les codes et la mani\u00e8re de percevoir le cigare. Ab\u00e9c\u00e9daire iconoclaste, <strong>le livre \u00ab\u00a0Cigare\u00a0\u00bb<\/strong> est une oeuvre, un Ovni qui s&rsquo;invite lors de soir\u00e9es accompagn\u00e9es de volutes, seul sur sa terrasse \u00e0 contempler le paysage.<\/p>\n<p><strong>Le Livre \u00ab\u00a0Cigare\u00a0\u00bb est une exp\u00e9rience !<\/strong><\/p>\n<p>Les Editions Fertilys<br \/>\nPhotographie de couverture par <a href=\"https:\/\/www.davolo.com\/\" target=\"_blank\" rel=\"noopener noreferrer\">Davolo Steiner<\/a> \/ Mod\u00e8le : Philippe Jeanne<br \/>\nGraphisme : David Lartigue<br \/>\nCopyright 2012<\/p>","protected":false},"excerpt":{"rendered":"<p><strong>Livre \u201cCigare\u201d.\u00a0<\/strong><\/p>","protected":false},"featured_media":90781,"template":"","meta":{"_acf_changed":false},"product_cat":[16870,18804],"product_tag":[],"bundled_by":[],"bundle_stock_status":"instock","bundle_stock_quantity":null,"bundle_virtual":false,"bundle_layout":"","bundle_add_to_cart_form_location":"","bundle_editable_in_cart":false,"bundle_sold_individually_context":"","bundle_item_grouping":"","bundle_min_size":"","bundle_max_size":"","bundled_items":[],"acf":[],"_links":{"self":[{"href":"https:\/\/beta.alpscigar.com\/zh\/wp-json\/wp\/v2\/product\/90787"}],"collection":[{"href":"https:\/\/beta.alpscigar.com\/zh\/wp-json\/wp\/v2\/product"}],"about":[{"href":"https:\/\/beta.alpscigar.com\/zh\/wp-json\/wp\/v2\/types\/product"}],"wp:featuredmedia":[{"embeddable":true,"href":"https:\/\/beta.alpscigar.com\/zh\/wp-json\/wp\/v2\/media\/90781"}],"wp:attachment":[{"href":"https:\/\/beta.alpscigar.com\/zh\/wp-json\/wp\/v2\/media?parent=90787"}],"wp:term":[{"taxonomy":"product_cat","embeddable":true,"href":"https:\/\/beta.alpscigar.com\/zh\/wp-json\/wp\/v2\/product_cat?post=90787"},{"taxonomy":"product_tag","embeddable":true,"href":"https:\/\/beta.alpscigar.com\/zh\/wp-json\/wp\/v2\/product_tag?post=90787"}],"curies":[{"name":"wp","href":"https:\/\/api.w.org\/{rel}","templated":true}]}}