{"id":92964,"date":"2022-11-14T15:04:44","date_gmt":"2022-11-14T14:04:44","guid":{"rendered":"https:\/\/alpscigar.com\/?post_type=product&#038;p=92964"},"modified":"2023-09-26T14:32:37","modified_gmt":"2023-09-26T13:32:37","slug":"davidoff-exclusive-110th-anniversary-10","status":"publish","type":"product","link":"https:\/\/beta.alpscigar.com\/zh\/shop\/dominican-cigars\/davidoff\/davidoff-exclusive-110th-anniversary-10\/","title":{"rendered":"Davidoff Exclusive 110th Anniversary (10)"},"content":{"rendered":"<p>Le cigare<strong> Davidoff Exclusive 110th Anniversary<\/strong> est compos\u00e9 d\u2019une feuille de cape 702 produite en Equateur, d\u2019une sous-cape negro San Andres du Mexique et de tabacs de R\u00e9publique Dominicaine et du Nicaragua pour la tripe.<\/p>\n<p>\u00c0 la d\u00e9gustation le <strong>Davidoff Exclusive 110th Anniversary<\/strong> propose des premi\u00e8res saveurs florales et cr\u00e8meuses qui \u00e9voluent ensuite sur des notes de chocolat, de caf\u00e9 et de c\u00e8dre.<\/p>\n<p>Les cigares Davidoff Exclusive 110th Anniversary sont roul\u00e9s en R\u00e9publique Dominicaine par Davidoff et sont propos\u00e9s en bo\u00eete de 10 cigares.<\/p>\n<p>Le cigare Davidoff Exclusive 110th Anniversary est un module Toro qui mesure 152 mm de longueur pour un diam\u00e8tre de 21.43 mm, le temps de fum\u00e9e de ce cigare est d\u2019environ 60 minutes.<\/p>\n<p><strong>Seulement 2200 bo\u00eetes ont \u00e9t\u00e9 produites pour le monde.<\/strong><\/p>\n<p>&nbsp;<\/p>","protected":false},"excerpt":{"rendered":"<p>\u6bcf\u76d2 10 \u652f\u96ea\u8304\u3002<\/p>","protected":false},"featured_media":93154,"template":"","meta":{"_acf_changed":false},"product_cat":[24791,23555,14927,14931,14929,16772],"product_tag":[],"bundled_by":[],"bundle_stock_status":"outofstock","bundle_stock_quantity":0,"bundle_virtual":false,"bundle_layout":"","bundle_add_to_cart_form_location":"","bundle_editable_in_cart":false,"bundle_sold_individually_context":"","bundle_item_grouping":"","bundle_min_size":"","bundle_max_size":"","bundled_items":[],"acf":[],"_links":{"self":[{"href":"https:\/\/beta.alpscigar.com\/zh\/wp-json\/wp\/v2\/product\/92964"}],"collection":[{"href":"https:\/\/beta.alpscigar.com\/zh\/wp-json\/wp\/v2\/product"}],"about":[{"href":"https:\/\/beta.alpscigar.com\/zh\/wp-json\/wp\/v2\/types\/product"}],"wp:featuredmedia":[{"embeddable":true,"href":"https:\/\/beta.alpscigar.com\/zh\/wp-json\/wp\/v2\/media\/93154"}],"wp:attachment":[{"href":"https:\/\/beta.alpscigar.com\/zh\/wp-json\/wp\/v2\/media?parent=92964"}],"wp:term":[{"taxonomy":"product_cat","embeddable":true,"href":"https:\/\/beta.alpscigar.com\/zh\/wp-json\/wp\/v2\/product_cat?post=92964"},{"taxonomy":"product_tag","embeddable":true,"href":"https:\/\/beta.alpscigar.com\/zh\/wp-json\/wp\/v2\/product_tag?post=92964"}],"curies":[{"name":"wp","href":"https:\/\/api.w.org\/{rel}","templated":true}]}}