{"id":97371,"date":"2022-12-05T09:59:35","date_gmt":"2022-12-05T08:59:35","guid":{"rendered":"https:\/\/alpscigar.com\/?post_type=product&#038;p=97371"},"modified":"2023-12-07T16:11:15","modified_gmt":"2023-12-07T15:11:15","slug":"aladino-cameroon-elegante-20","status":"publish","type":"product","link":"https:\/\/beta.alpscigar.com\/zh\/shop\/honduran-cigars\/aladino\/aladino-cameroon-elegante-20\/","title":{"rendered":"Aladino Cameroon Elegante (20)"},"content":{"rendered":"<p>Les <strong>Aladino Cameroon Elegante (20)<\/strong> appartiennent \u00e0 la ligne Cameroon de la marque Aladino.<br \/>\nCe sont des puros Honduriens.<br \/>\nLa ligne Cameroon utilise 100% de tabac Corojo pour la tripe et la cape. La cape provient de graines camerounaises cultiv\u00e9es dans la vall\u00e9e de Jamastran au Honduras. Apr\u00e8s la r\u00e9colte, les feuilles sont m\u00fbries avec soin pendant deux ans avant de composer le cigare.<\/p>\n<p>C\u00f4t\u00e9 d\u00e9gustation, l&rsquo;<strong>Aladino Cameroon Elegante<\/strong> d\u00e9voile des notes puissantes et \u00e9pic\u00e9es. Une fois le cigare allum\u00e9, des ar\u00f4mes de ch\u00eane, de noix et de poivre se font progressivement ressentir, avec une douceur d\u00e9licate et malgr\u00e9 la puissance du tabac.<br \/>\nDe mani\u00e8re g\u00e9n\u00e9rale, ce cigare est moyennement cors\u00e9 \u00e0 fort.<\/p>\n<p>Les <strong>Aladino Cameroon Elegante (20)<\/strong> sont un module Elegante. Ils font 178 mm pour un diam\u00e8tre de 15,1 mm. Il vous faudra compter de 50 \u00e0 70 minutes environ pour d\u00e9guster au mieux ce cigare.<\/p>\n<p>Les <strong>Aladino Cameroon Elegante<\/strong> sont vendus en bo\u00eete de 20 cigares et existent aussi en module Robusto et Toro.<\/p>","protected":false},"excerpt":{"rendered":"<p>\u6bcf\u76d2 20 \u652f\u3002<\/p>","protected":false},"featured_media":97368,"template":"","meta":{"_acf_changed":false},"product_cat":[32484,24791,21990,24721,25046],"product_tag":[],"bundled_by":[],"bundle_stock_status":"instock","bundle_stock_quantity":null,"bundle_virtual":false,"bundle_layout":"","bundle_add_to_cart_form_location":"","bundle_editable_in_cart":false,"bundle_sold_individually_context":"","bundle_item_grouping":"","bundle_min_size":"","bundle_max_size":"","bundled_items":[],"acf":[],"_links":{"self":[{"href":"https:\/\/beta.alpscigar.com\/zh\/wp-json\/wp\/v2\/product\/97371"}],"collection":[{"href":"https:\/\/beta.alpscigar.com\/zh\/wp-json\/wp\/v2\/product"}],"about":[{"href":"https:\/\/beta.alpscigar.com\/zh\/wp-json\/wp\/v2\/types\/product"}],"wp:featuredmedia":[{"embeddable":true,"href":"https:\/\/beta.alpscigar.com\/zh\/wp-json\/wp\/v2\/media\/97368"}],"wp:attachment":[{"href":"https:\/\/beta.alpscigar.com\/zh\/wp-json\/wp\/v2\/media?parent=97371"}],"wp:term":[{"taxonomy":"product_cat","embeddable":true,"href":"https:\/\/beta.alpscigar.com\/zh\/wp-json\/wp\/v2\/product_cat?post=97371"},{"taxonomy":"product_tag","embeddable":true,"href":"https:\/\/beta.alpscigar.com\/zh\/wp-json\/wp\/v2\/product_tag?post=97371"}],"curies":[{"name":"wp","href":"https:\/\/api.w.org\/{rel}","templated":true}]}}